{"id":2705,"date":"2022-02-07T19:57:10","date_gmt":"2022-02-07T18:57:10","guid":{"rendered":"https:\/\/www.gersfelder-hof.de\/tagungen\/"},"modified":"2023-03-30T13:09:25","modified_gmt":"2023-03-30T11:09:25","slug":"conference","status":"publish","type":"page","link":"https:\/\/www.gersfelder-hof.de\/en\/conference\/","title":{"rendered":"Conference"},"content":{"rendered":"\t\t<div data-elementor-type=\"wp-page\" data-elementor-id=\"2705\" class=\"elementor elementor-2705 elementor-295\" data-elementor-post-type=\"page\">\n\t\t\t\t\t\t<section class=\"elementor-section elementor-top-section elementor-element elementor-element-fc02ea4 elementor-section-full_width elementor-section-height-full elementor-section-height-default elementor-section-items-middle\" data-id=\"fc02ea4\" data-element_type=\"section\" data-e-type=\"section\" data-settings=\"{&quot;background_background&quot;:&quot;classic&quot;}\">\n\t\t\t\t\t\t\t<div class=\"elementor-background-overlay\"><\/div>\n\t\t\t\t\t\t\t<div class=\"elementor-container elementor-column-gap-default\">\n\t\t\t\t\t<div class=\"elementor-column elementor-col-100 elementor-top-column elementor-element elementor-element-9ca3200\" data-id=\"9ca3200\" data-element_type=\"column\" data-e-type=\"column\">\n\t\t\t<div class=\"elementor-widget-wrap\">\n\t\t\t\t\t\t\t<\/div>\n\t\t<\/div>\n\t\t\t\t\t<\/div>\n\t\t<\/section>\n\t\t\t\t<section class=\"elementor-section elementor-top-section elementor-element elementor-element-4c8ed9e elementor-section-boxed elementor-section-height-default elementor-section-height-default\" data-id=\"4c8ed9e\" data-element_type=\"section\" data-e-type=\"section\">\n\t\t\t\t\t\t<div class=\"elementor-container elementor-column-gap-default\">\n\t\t\t\t\t<div class=\"elementor-column elementor-col-100 elementor-top-column elementor-element elementor-element-6dacaa3\" data-id=\"6dacaa3\" data-element_type=\"column\" data-e-type=\"column\">\n\t\t\t<div class=\"elementor-widget-wrap elementor-element-populated\">\n\t\t\t\t\t\t<div class=\"elementor-element elementor-element-6105cb1 elementor-widget elementor-widget-heading\" data-id=\"6105cb1\" data-element_type=\"widget\" data-e-type=\"widget\" data-widget_type=\"heading.default\">\n\t\t\t\t<div class=\"elementor-widget-container\">\n\t\t\t\t\t<h1 class=\"elementor-heading-title elementor-size-default\">Tagungshotel Rh\u00f6n<\/h1>\t\t\t\t<\/div>\n\t\t\t\t<\/div>\n\t\t\t\t<div class=\"elementor-element elementor-element-030e8d6 elementor-widget elementor-widget-heading\" data-id=\"030e8d6\" data-element_type=\"widget\" data-e-type=\"widget\" data-widget_type=\"heading.default\">\n\t\t\t\t<div class=\"elementor-widget-container\">\n\t\t\t\t\t<span class=\"elementor-heading-title elementor-size-default\">Hotel Gersfelder Hof  \u2013 Perfekt f\u00fcr jeden Anlass<\/span>\t\t\t\t<\/div>\n\t\t\t\t<\/div>\n\t\t\t\t\t<\/div>\n\t\t<\/div>\n\t\t\t\t\t<\/div>\n\t\t<\/section>\n\t\t\t\t<section class=\"elementor-section elementor-top-section elementor-element elementor-element-0895fbb elementor-section-boxed elementor-section-height-default elementor-section-height-default\" data-id=\"0895fbb\" data-element_type=\"section\" data-e-type=\"section\">\n\t\t\t\t\t\t<div class=\"elementor-container elementor-column-gap-default\">\n\t\t\t\t\t<div class=\"elementor-column elementor-col-50 elementor-top-column elementor-element elementor-element-ae65283\" data-id=\"ae65283\" data-element_type=\"column\" data-e-type=\"column\">\n\t\t\t<div class=\"elementor-widget-wrap elementor-element-populated\">\n\t\t\t\t\t\t<div class=\"elementor-element elementor-element-7743586 elementor-widget elementor-widget-text-editor\" data-id=\"7743586\" data-element_type=\"widget\" data-e-type=\"widget\" data-widget_type=\"text-editor.default\">\n\t\t\t\t<div class=\"elementor-widget-container\">\n\t\t\t\t\t\t\t\t\t<p>Im Hotel Gersfelder Hof stehen Ihnen <a href=\"https:\/\/www.gersfelder-hof.de\/?page_id=318\">Tagungsr\u00e4ume<\/a> f\u00fcr bis zu 80 Personen zur Verf\u00fcgung. Unsere Tagungsr\u00e4ume und ihre jeweilige Ausstattung lassen keine W\u00fcnsche offen, womit sich unsere R\u00e4umlichkeiten f\u00fcr Veranstaltungen aller Art eignen: von Tagungen \u00fcber Meetings bis hin zu Konferenzen.<\/p><p>Wir haben uns den besonderen W\u00fcnschen und Anforderungen unserer Tagungskunden angepasst und bieten Ihnen variable und individuelle <a href=\"https:\/\/www.gersfelder-hof.de\/?page_id=360\">Tagungspauschalen<\/a> an. Somit gew\u00e4hrleisten wir Ihnen ein hohes Ma\u00df an Planungs- und Budgetsicherheit f\u00fcr Ihre jeweilige Veranstaltung in unserem Hause.<\/p>\t\t\t\t\t\t\t\t<\/div>\n\t\t\t\t<\/div>\n\t\t\t\t\t<\/div>\n\t\t<\/div>\n\t\t\t\t<div class=\"elementor-column elementor-col-50 elementor-top-column elementor-element elementor-element-fccfa06\" data-id=\"fccfa06\" data-element_type=\"column\" data-e-type=\"column\">\n\t\t\t<div class=\"elementor-widget-wrap elementor-element-populated\">\n\t\t\t\t\t\t<div class=\"elementor-element elementor-element-1c0395b elementor-widget elementor-widget-image\" data-id=\"1c0395b\" data-element_type=\"widget\" data-e-type=\"widget\" data-widget_type=\"image.default\">\n\t\t\t\t<div class=\"elementor-widget-container\">\n\t\t\t\t\t\t\t\t\t\t\t\t\t\t\t<img fetchpriority=\"high\" decoding=\"async\" width=\"1024\" height=\"683\" src=\"https:\/\/www.gersfelder-hof.de\/wp-content\/uploads\/2022\/02\/gersfelder-hof-tagungen-17-1024x683.jpg\" class=\"attachment-large size-large wp-image-1777\" alt=\"\" srcset=\"https:\/\/www.gersfelder-hof.de\/wp-content\/uploads\/2022\/02\/gersfelder-hof-tagungen-17-1024x683.jpg 1024w, https:\/\/www.gersfelder-hof.de\/wp-content\/uploads\/2022\/02\/gersfelder-hof-tagungen-17-300x200.jpg 300w, https:\/\/www.gersfelder-hof.de\/wp-content\/uploads\/2022\/02\/gersfelder-hof-tagungen-17-768x512.jpg 768w, https:\/\/www.gersfelder-hof.de\/wp-content\/uploads\/2022\/02\/gersfelder-hof-tagungen-17-1536x1024.jpg 1536w, https:\/\/www.gersfelder-hof.de\/wp-content\/uploads\/2022\/02\/gersfelder-hof-tagungen-17.jpg 1800w\" sizes=\"(max-width: 1024px) 100vw, 1024px\" \/>\t\t\t\t\t\t\t\t\t\t\t\t\t\t\t<\/div>\n\t\t\t\t<\/div>\n\t\t\t\t\t<\/div>\n\t\t<\/div>\n\t\t\t\t\t<\/div>\n\t\t<\/section>\n\t\t\t\t<section class=\"elementor-section elementor-top-section elementor-element elementor-element-b72e4e0 elementor-section-boxed elementor-section-height-default elementor-section-height-default\" data-id=\"b72e4e0\" data-element_type=\"section\" data-e-type=\"section\">\n\t\t\t\t\t\t<div class=\"elementor-container elementor-column-gap-default\">\n\t\t\t\t\t<div class=\"elementor-column elementor-col-50 elementor-top-column elementor-element elementor-element-92ab31f\" data-id=\"92ab31f\" data-element_type=\"column\" data-e-type=\"column\">\n\t\t\t<div class=\"elementor-widget-wrap elementor-element-populated\">\n\t\t\t\t\t\t<div class=\"elementor-element elementor-element-cabe9f2 elementor-widget elementor-widget-image\" data-id=\"cabe9f2\" data-element_type=\"widget\" data-e-type=\"widget\" data-widget_type=\"image.default\">\n\t\t\t\t<div class=\"elementor-widget-container\">\n\t\t\t\t\t\t\t\t\t\t\t\t\t\t\t<img decoding=\"async\" width=\"1024\" height=\"683\" src=\"https:\/\/www.gersfelder-hof.de\/wp-content\/uploads\/2022\/02\/gersfelder-hof-aussen-12-1024x683.jpg\" class=\"attachment-large size-large wp-image-1801\" alt=\"\" srcset=\"https:\/\/www.gersfelder-hof.de\/wp-content\/uploads\/2022\/02\/gersfelder-hof-aussen-12-1024x683.jpg 1024w, https:\/\/www.gersfelder-hof.de\/wp-content\/uploads\/2022\/02\/gersfelder-hof-aussen-12-300x200.jpg 300w, https:\/\/www.gersfelder-hof.de\/wp-content\/uploads\/2022\/02\/gersfelder-hof-aussen-12-768x512.jpg 768w, https:\/\/www.gersfelder-hof.de\/wp-content\/uploads\/2022\/02\/gersfelder-hof-aussen-12-1536x1024.jpg 1536w, https:\/\/www.gersfelder-hof.de\/wp-content\/uploads\/2022\/02\/gersfelder-hof-aussen-12.jpg 1800w\" sizes=\"(max-width: 1024px) 100vw, 1024px\" \/>\t\t\t\t\t\t\t\t\t\t\t\t\t\t\t<\/div>\n\t\t\t\t<\/div>\n\t\t\t\t\t<\/div>\n\t\t<\/div>\n\t\t\t\t<div class=\"elementor-column elementor-col-50 elementor-top-column elementor-element elementor-element-9a951cd\" data-id=\"9a951cd\" data-element_type=\"column\" data-e-type=\"column\">\n\t\t\t<div class=\"elementor-widget-wrap elementor-element-populated\">\n\t\t\t\t\t\t<div class=\"elementor-element elementor-element-6572388 elementor-widget elementor-widget-text-editor\" data-id=\"6572388\" data-element_type=\"widget\" data-e-type=\"widget\" data-widget_type=\"text-editor.default\">\n\t\t\t\t<div class=\"elementor-widget-container\">\n\t\t\t\t\t\t\t\t\t<div class=\"fusion-text fusion-text-2\"><h2>Wichtiges auf einen Blick<\/h2><ul><li>60 Wohlf\u00fchl-Einzel und Doppelzimmer<\/li><li>20 Appartements<\/li><li>4 Suiten<\/li><li>Restaurant WEBER&#8217;S mit gem\u00fctlichen Stuben und Bergbiergarten<\/li><li>Hotelbar<\/li><li>Wellness &amp; Beauty-Abteilung mit After-Work- &amp; Wohlf\u00fchlanwendungen<\/li><li>Wellnessbereich mit Schwimmbad, finnischer Panorama Sauna, Fitnessraum und Solarium<\/li><li>Traumhafte und exponierte Lage in der Rh\u00f6n<\/li><li>Lichtdurchflutete <a href=\"https:\/\/www.gersfelder-hof.de\/?page_id=318\">Tagungsr\u00e4ume<\/a>\u00a0mit Luftfiltern (teilweise Klimaanlage)<\/li><li>kostenfreie Parkpl\u00e4tze direkt am Hotel<\/li><li>Gut erreichbar \u2013 in der Mitte Deutschlands<\/li><li>ICE-Bahnanschluss bis Fulda, Flughafen Frankfurt<\/li><\/ul><\/div>\t\t\t\t\t\t\t\t<\/div>\n\t\t\t\t<\/div>\n\t\t\t\t\t<\/div>\n\t\t<\/div>\n\t\t\t\t\t<\/div>\n\t\t<\/section>\n\t\t\t\t<section class=\"elementor-section elementor-top-section elementor-element elementor-element-4575269 elementor-section-boxed elementor-section-height-default elementor-section-height-default\" data-id=\"4575269\" data-element_type=\"section\" data-e-type=\"section\">\n\t\t\t\t\t\t<div class=\"elementor-container elementor-column-gap-default\">\n\t\t\t\t\t<div class=\"elementor-column elementor-col-50 elementor-top-column elementor-element elementor-element-a828c57\" data-id=\"a828c57\" data-element_type=\"column\" data-e-type=\"column\">\n\t\t\t<div class=\"elementor-widget-wrap elementor-element-populated\">\n\t\t\t\t\t\t<div class=\"elementor-element elementor-element-528af55 elementor-widget elementor-widget-text-editor\" data-id=\"528af55\" data-element_type=\"widget\" data-e-type=\"widget\" data-widget_type=\"text-editor.default\">\n\t\t\t\t<div class=\"elementor-widget-container\">\n\t\t\t\t\t\t\t\t\t<div class=\"fusion-text fusion-text-2\">\n<h2>Unser Service f\u00fcr Ihre Veranstaltung<\/h2>\n<ul>\n<li>Bearbeitung und Erstellung Ihres individuellen Angebotes<\/li>\n<li>Budgetsicherheit&nbsp;<\/li>\n<li>Tagungsbetreuung<\/li>\n<li>Sekretariatsdienste<\/li>\n<li>professionelle Einhaltung Ihrer Agenda<\/li>\n<li>kostenfreies WLAN<\/li>\n<li>moderne Tagungstechnik, leistungsstarker LED-Deckenbeamer, Moderatorenkoffer, Pinwand, Flipchart, Audio-Anlage etc.<\/li>\n<li>Luftfilter in den Tagungsr\u00e4umen<\/li>\n<\/ul>\n<\/div>\t\t\t\t\t\t\t\t<\/div>\n\t\t\t\t<\/div>\n\t\t\t\t\t<\/div>\n\t\t<\/div>\n\t\t\t\t<div class=\"elementor-column elementor-col-50 elementor-top-column elementor-element elementor-element-537c077\" data-id=\"537c077\" data-element_type=\"column\" data-e-type=\"column\">\n\t\t\t<div class=\"elementor-widget-wrap elementor-element-populated\">\n\t\t\t\t\t\t<div class=\"elementor-element elementor-element-890dd4d elementor-widget elementor-widget-image\" data-id=\"890dd4d\" data-element_type=\"widget\" data-e-type=\"widget\" data-widget_type=\"image.default\">\n\t\t\t\t<div class=\"elementor-widget-container\">\n\t\t\t\t\t\t\t\t\t\t\t\t\t\t\t<img decoding=\"async\" width=\"1024\" height=\"683\" src=\"https:\/\/www.gersfelder-hof.de\/wp-content\/uploads\/2022\/02\/gersfelder-hof-essen-details-06-1024x683.jpg\" class=\"attachment-large size-large wp-image-1790\" alt=\"\" srcset=\"https:\/\/www.gersfelder-hof.de\/wp-content\/uploads\/2022\/02\/gersfelder-hof-essen-details-06-1024x683.jpg 1024w, https:\/\/www.gersfelder-hof.de\/wp-content\/uploads\/2022\/02\/gersfelder-hof-essen-details-06-300x200.jpg 300w, https:\/\/www.gersfelder-hof.de\/wp-content\/uploads\/2022\/02\/gersfelder-hof-essen-details-06-768x512.jpg 768w, https:\/\/www.gersfelder-hof.de\/wp-content\/uploads\/2022\/02\/gersfelder-hof-essen-details-06-1536x1024.jpg 1536w, https:\/\/www.gersfelder-hof.de\/wp-content\/uploads\/2022\/02\/gersfelder-hof-essen-details-06.jpg 1800w\" sizes=\"(max-width: 1024px) 100vw, 1024px\" \/>\t\t\t\t\t\t\t\t\t\t\t\t\t\t\t<\/div>\n\t\t\t\t<\/div>\n\t\t\t\t\t<\/div>\n\t\t<\/div>\n\t\t\t\t\t<\/div>\n\t\t<\/section>\n\t\t\t\t<section class=\"elementor-section elementor-top-section elementor-element elementor-element-5d01165 elementor-section-full_width elementor-section-content-top elementor-section-height-full elementor-section-items-bottom elementor-section-height-default\" data-id=\"5d01165\" data-element_type=\"section\" data-e-type=\"section\" data-settings=\"{&quot;background_background&quot;:&quot;classic&quot;}\">\n\t\t\t\t\t\t\t<div class=\"elementor-background-overlay\"><\/div>\n\t\t\t\t\t\t\t<div class=\"elementor-container elementor-column-gap-default\">\n\t\t\t\t\t<div class=\"elementor-column elementor-col-100 elementor-top-column elementor-element elementor-element-ffcb57e\" data-id=\"ffcb57e\" data-element_type=\"column\" data-e-type=\"column\">\n\t\t\t<div class=\"elementor-widget-wrap elementor-element-populated\">\n\t\t\t\t\t\t<div class=\"elementor-element elementor-element-802a50a elementor-widget elementor-widget-heading\" data-id=\"802a50a\" data-element_type=\"widget\" data-e-type=\"widget\" data-widget_type=\"heading.default\">\n\t\t\t\t<div class=\"elementor-widget-container\">\n\t\t\t\t\t<h1 class=\"elementor-heading-title elementor-size-default\">Tagen Sie nicht irgendwo, <br \/>\nSie sind ja auch nicht irgendwer<\/h1>\t\t\t\t<\/div>\n\t\t\t\t<\/div>\n\t\t\t\t<div class=\"elementor-element elementor-element-c77f682 elementor-widget elementor-widget-heading\" data-id=\"c77f682\" data-element_type=\"widget\" data-e-type=\"widget\" data-widget_type=\"heading.default\">\n\t\t\t\t<div class=\"elementor-widget-container\">\n\t\t\t\t\t<span class=\"elementor-heading-title elementor-size-default\">Tagungen und Seminare im Gersfelder Hof<\/span>\t\t\t\t<\/div>\n\t\t\t\t<\/div>\n\t\t\t\t\t<\/div>\n\t\t<\/div>\n\t\t\t\t\t<\/div>\n\t\t<\/section>\n\t\t\t\t<\/div>\n\t\t","protected":false},"excerpt":{"rendered":"<p>Tagungshotel Rh\u00f6n Hotel Gersfelder Hof \u2013 Perfekt f\u00fcr jeden Anlass Im Hotel Gersfelder Hof stehen Ihnen Tagungsr\u00e4ume f\u00fcr bis zu 80 Personen zur Verf\u00fcgung. Unsere Tagungsr\u00e4ume und ihre jeweilige Ausstattung lassen keine W\u00fcnsche offen, womit sich unsere R\u00e4umlichkeiten f\u00fcr Veranstaltungen aller Art eignen: von Tagungen \u00fcber Meetings bis hin zu Konferenzen. Wir haben uns den [&hellip;]<\/p>\n","protected":false},"author":1,"featured_media":0,"parent":0,"menu_order":0,"comment_status":"closed","ping_status":"closed","template":"","meta":{"site-sidebar-layout":"no-sidebar","site-content-layout":"page-builder","ast-site-content-layout":"default","site-content-style":"default","site-sidebar-style":"default","ast-global-header-display":"","ast-banner-title-visibility":"","ast-main-header-display":"","ast-hfb-above-header-display":"","ast-hfb-below-header-display":"","ast-hfb-mobile-header-display":"","site-post-title":"disabled","ast-breadcrumbs-content":"","ast-featured-img":"disabled","footer-sml-layout":"","ast-disable-related-posts":"","theme-transparent-header-meta":"","adv-header-id-meta":"","stick-header-meta":"","header-above-stick-meta":"","header-main-stick-meta":"","header-below-stick-meta":"","astra-migrate-meta-layouts":"default","ast-page-background-enabled":"default","ast-page-background-meta":{"desktop":{"background-color":"var(--ast-global-color-4)","background-image":"","background-repeat":"repeat","background-position":"center center","background-size":"auto","background-attachment":"scroll","background-type":"","background-media":"","overlay-type":"","overlay-color":"","overlay-opacity":"","overlay-gradient":""},"tablet":{"background-color":"","background-image":"","background-repeat":"repeat","background-position":"center center","background-size":"auto","background-attachment":"scroll","background-type":"","background-media":"","overlay-type":"","overlay-color":"","overlay-opacity":"","overlay-gradient":""},"mobile":{"background-color":"","background-image":"","background-repeat":"repeat","background-position":"center center","background-size":"auto","background-attachment":"scroll","background-type":"","background-media":"","overlay-type":"","overlay-color":"","overlay-opacity":"","overlay-gradient":""}},"ast-content-background-meta":{"desktop":{"background-color":"var(--ast-global-color-5)","background-image":"","background-repeat":"repeat","background-position":"center center","background-size":"auto","background-attachment":"scroll","background-type":"","background-media":"","overlay-type":"","overlay-color":"","overlay-opacity":"","overlay-gradient":""},"tablet":{"background-color":"var(--ast-global-color-5)","background-image":"","background-repeat":"repeat","background-position":"center center","background-size":"auto","background-attachment":"scroll","background-type":"","background-media":"","overlay-type":"","overlay-color":"","overlay-opacity":"","overlay-gradient":""},"mobile":{"background-color":"var(--ast-global-color-5)","background-image":"","background-repeat":"repeat","background-position":"center center","background-size":"auto","background-attachment":"scroll","background-type":"","background-media":"","overlay-type":"","overlay-color":"","overlay-opacity":"","overlay-gradient":""}},"footnotes":""},"class_list":["post-2705","page","type-page","status-publish","hentry"],"_links":{"self":[{"href":"https:\/\/www.gersfelder-hof.de\/en\/wp-json\/wp\/v2\/pages\/2705","targetHints":{"allow":["GET"]}}],"collection":[{"href":"https:\/\/www.gersfelder-hof.de\/en\/wp-json\/wp\/v2\/pages"}],"about":[{"href":"https:\/\/www.gersfelder-hof.de\/en\/wp-json\/wp\/v2\/types\/page"}],"author":[{"embeddable":true,"href":"https:\/\/www.gersfelder-hof.de\/en\/wp-json\/wp\/v2\/users\/1"}],"replies":[{"embeddable":true,"href":"https:\/\/www.gersfelder-hof.de\/en\/wp-json\/wp\/v2\/comments?post=2705"}],"version-history":[{"count":1,"href":"https:\/\/www.gersfelder-hof.de\/en\/wp-json\/wp\/v2\/pages\/2705\/revisions"}],"predecessor-version":[{"id":2775,"href":"https:\/\/www.gersfelder-hof.de\/en\/wp-json\/wp\/v2\/pages\/2705\/revisions\/2775"}],"wp:attachment":[{"href":"https:\/\/www.gersfelder-hof.de\/en\/wp-json\/wp\/v2\/media?parent=2705"}],"curies":[{"name":"wp","href":"https:\/\/api.w.org\/{rel}","templated":true}]}}