{"id":2699,"date":"2022-02-08T19:59:36","date_gmt":"2022-02-08T18:59:36","guid":{"rendered":"https:\/\/www.gersfelder-hof.de\/agb\/"},"modified":"2023-04-18T09:33:38","modified_gmt":"2023-04-18T07:33:38","slug":"terms","status":"publish","type":"page","link":"https:\/\/www.gersfelder-hof.de\/en\/terms\/","title":{"rendered":"Terms"},"content":{"rendered":"\t\t<div data-elementor-type=\"wp-page\" data-elementor-id=\"2699\" class=\"elementor elementor-2699 elementor-413\" data-elementor-post-type=\"page\">\n\t\t\t\t\t\t<section class=\"elementor-section elementor-top-section elementor-element elementor-element-fc02ea4 elementor-section-full_width elementor-section-height-min-height elementor-section-height-default elementor-section-items-middle\" data-id=\"fc02ea4\" data-element_type=\"section\" data-e-type=\"section\" data-settings=\"{&quot;background_background&quot;:&quot;classic&quot;}\">\n\t\t\t\t\t\t\t<div class=\"elementor-background-overlay\"><\/div>\n\t\t\t\t\t\t\t<div class=\"elementor-container elementor-column-gap-default\">\n\t\t\t\t\t<div class=\"elementor-column elementor-col-100 elementor-top-column elementor-element elementor-element-9ca3200\" data-id=\"9ca3200\" data-element_type=\"column\" data-e-type=\"column\">\n\t\t\t<div class=\"elementor-widget-wrap\">\n\t\t\t\t\t\t\t<\/div>\n\t\t<\/div>\n\t\t\t\t\t<\/div>\n\t\t<\/section>\n\t\t\t\t<section class=\"elementor-section elementor-top-section elementor-element elementor-element-4c8ed9e elementor-section-boxed elementor-section-height-default elementor-section-height-default\" data-id=\"4c8ed9e\" data-element_type=\"section\" data-e-type=\"section\">\n\t\t\t\t\t\t<div class=\"elementor-container elementor-column-gap-default\">\n\t\t\t\t\t<div class=\"elementor-column elementor-col-100 elementor-top-column elementor-element elementor-element-6dacaa3\" data-id=\"6dacaa3\" data-element_type=\"column\" data-e-type=\"column\">\n\t\t\t<div class=\"elementor-widget-wrap elementor-element-populated\">\n\t\t\t\t\t\t<div class=\"elementor-element elementor-element-6105cb1 elementor-widget elementor-widget-heading\" data-id=\"6105cb1\" data-element_type=\"widget\" data-e-type=\"widget\" data-widget_type=\"heading.default\">\n\t\t\t\t<div class=\"elementor-widget-container\">\n\t\t\t\t\t<h1 class=\"elementor-heading-title elementor-size-default\">Unsere Allgemeinen Gesch\u00e4ftsbedingungen (AGB)<\/h1>\t\t\t\t<\/div>\n\t\t\t\t<\/div>\n\t\t\t\t\t<\/div>\n\t\t<\/div>\n\t\t\t\t\t<\/div>\n\t\t<\/section>\n\t\t\t\t<section class=\"elementor-section elementor-top-section elementor-element elementor-element-0895fbb elementor-section-boxed elementor-section-height-default elementor-section-height-default\" data-id=\"0895fbb\" data-element_type=\"section\" data-e-type=\"section\">\n\t\t\t\t\t\t<div class=\"elementor-container elementor-column-gap-default\">\n\t\t\t\t\t<div class=\"elementor-column elementor-col-100 elementor-top-column elementor-element elementor-element-ae65283\" data-id=\"ae65283\" data-element_type=\"column\" data-e-type=\"column\">\n\t\t\t<div class=\"elementor-widget-wrap elementor-element-populated\">\n\t\t\t\t\t\t<div class=\"elementor-element elementor-element-7743586 elementor-widget elementor-widget-text-editor\" data-id=\"7743586\" data-element_type=\"widget\" data-e-type=\"widget\" data-widget_type=\"text-editor.default\">\n\t\t\t\t<div class=\"elementor-widget-container\">\n\t\t\t\t\t\t\t\t\t<p><strong>Allgemeine Gesch\u00e4ftsbedingungen \u2013 Hotel Gersfelder Hof<br><\/strong><strong style=\"font-size: 16px;\">(Hotelgesellschaft Weber GmbH &amp; Co KG)<\/strong><\/p>\n<p><strong>Allgemeine Regelungen<\/strong><\/p>\n<ol>\n<li>Die vorliegenden Allgemeinen Gesch\u00e4ftsbedingungen gelten f\u00fcr alle Vertr\u00e4ge, die mit dem Hotel Gersfelder Hof abgeschlossen werden. Andere AGB als die des Hotels werden nicht Vertragsinhalt, auch wenn das Hotel Gersfelder Hof diesen nicht ausdr\u00fccklich widerspricht.<\/li>\n<li>Auf Beherbergungsvertr\u00e4ge sind neben den \u00a7 701 ff. BGB das allgemeine Schuldrecht und die Regelungen des allgemeinen Mietrechts des BGB anzuwenden. Der Vertrag kann nicht einseitig gel\u00f6st werden.<\/li>\n<li>Leistungen und Tarife werden mit der Direktion des Hotel Gersfelder Hof frei festgelegt und k\u00f6nnen nach Vertragsschluss dann modifiziert werden, wenn der Zeitraum zwischen Vertragsschluss und der Erbringung der Leistung mehr als vier Monate betr\u00e4gt.<\/li>\n<li>Reservierungen sind f\u00fcr beide Gesch\u00e4ftspartner verbindlich. Ein R\u00fccktritt kann nur im Einverst\u00e4ndnis mit dem Hotel Gersfelder Hof und unter Ber\u00fccksichtigung der Regelung Ziffer 1.8.dieser AGB erfolgen. \u00c4nderungen des anteiligen Mehrwertsteuersatzes gehen ungeachtet des Zeitpunktes des Vertragsabschlusses zu Lasten des Auftraggebers. Das Hotel Gersfelder Hof kann jegliche Bestellannahme, Reservierung oder solche Leistungen, die erst in zeitlichem Abstand zu dem zugrunde liegenden Vertragsschluss zu erbringen sind, von der teilweisen Begleichung der im Hinblick auf die Leistungserbringung geschuldeten Betr\u00e4ge abh\u00e4ngig machen. Reservierte Zimmer stehen dem Vertragspartner ab 14.30 Uhr des Anreisetages zu Verf\u00fcgung. Sofern nicht ausdr\u00fccklich eine sp\u00e4tere Ankunftszeit vereinbart wurde, beh\u00e4lt sich das Hotel Gersfelder Hof das Recht vor, bestellte Zimmer nach 18 Uhr anderweitig zu vergeben. Am Abreisetag sind die Zimmer, wenn nicht ausdr\u00fccklich etwas anderes vereinbart wurde, bis 11 Uhr zu r\u00e4umen. Reservierte Funktionsr\u00e4ume stehen dem Vertragspartner nur zu der schriftlich vereinbarten Zeit zur Verf\u00fcgung. Eine Inanspruchnahme der Funktionsr\u00e4ume \u00fcber den vereinbarten Zeitraum hinaus, bedarf der vorherigen Zustimmung der Veranstaltungsabteilung.<\/li>\n<li>Eine ausdr\u00fccklich als solche bezeichnete unverbindliche Option ist bis zur jeweiligen im Angebot genannten Optionsfrist verbindlich auszu\u00fcben oder zur\u00fcck zu geben. Ausge\u00fcbte Optionen werden wie feste Reservierungen behandelt. Das Hotel Gersfelder Hof ist ohne rechtzeitige verbindliche Aus\u00fcbung der Option berechtigt, die freigehaltene Leistung anderweitig zu vergeben.<\/li>\n<li>Ist der Besteller nicht gleichzeitig Gast oder bestellt er zu Lasten eines anderen, so haften beide als Gesamtschuldner.<\/li>\n<li>Haustiere d\u00fcrfen nur nach vorheriger Zustimmung mit dem Hotel und gegen Berechnung mitgebracht werden. Da das Hotel nur \u00fcber eine begrenzte Anzahl von Zimmern f\u00fcr Haustiere verf\u00fcgt.<\/li>\n<li>Die Benutzung der Parkpl\u00e4tze erfolgt auf eigene Gefahr. Das Hotel \u00fcbernimmt keine Haftung f\u00fcr Sch\u00e4den durch Dritte. Das Hotel haftet nur f\u00fcr Schaden die nachweislich vom Personal grob fahrl\u00e4ssig verschuldet wurden. Anspr\u00fcche aus solchen Sch\u00e4den m\u00fcssen vor dem Verlassen des Parkplatzes geltend gemacht werden.<\/li>\n<li>Rechnungen sind grunds\u00e4tzlich nach Erhalt sofort und ohne Abzug von Skonto f\u00e4llig. Wenn der Rechnungsbetrag mehrerer Einzelrechnungen EUR 300,- \u00fcbersteigt, kann auf Anfrage des Vertragspartners eine Gesamtrechnung erstellt werden. Die Erstellung einer Gesamtrechnung entbindet nicht von der Verpflichtung zur fristgerechten Zahlung der Einzelrechnungen. Bei Zahlungsverzug ist das Hotel Gersfelder Hof berechtigt, Verzugszinsen in H\u00f6he von 5% \u00fcber dem Diskontsatz der Deutschen Bundesbank zu berechnen, wenn nicht ein Verzugsschaden in anderer H\u00f6he nachgewiesen wird. Der Vertragspartner kann mit der Gegenforderung gegen das Hotel Gersfelder Hof nur insoweit aufrechnen, als seine Forderungen unbestritten oder rechtskr\u00e4ftig festgestellt sind. Der Zahlungsverzug auch nur einer Rechnung berechtigt das Hotel Gersfelder Hof alle weiteren und zuk\u00fcnftigen Leistungen f\u00fcr den Kunden einzustellen. Das Hotel Gersfelder Hof entscheidet dar\u00fcber ohne Ank\u00fcndigung. Bei einer Gesamtreservierung \u00fcber mehr als \u20ac 500 beh\u00e4lt sich das Hotel Gersfelder Hof vor, eine Vorauszahlung in H\u00f6he von 100 % der bestellten Leistung zu fordern. Dieser Betrag ist 14 Tage vor Anreise f\u00e4llig.<\/li>\n<\/ol>\n<p>9.a. Zahlungen<br>Das Entgelt f\u00fcr den gesamten Aufenthalt ist vorbehaltlich einer ausdr\u00fccklichen Vereinbarung per von uns (dem Hotel) akzeptierten Zahlungsweg zu entrichten. Sie erteilen uns dazu bei der Buchung der Hotelleistung die Belastungserm\u00e4chtigung\/Autorisierung f\u00fcr Ihr Kreditkartenkonto oder die Einzugserm\u00e4chtigung f\u00fcr Ihr Bankkonto. Das gilt insbesondere f\u00fcr Reservierungen per Kreditkarte \u00fcber weltweite Online Hotel- Reservierungssysteme, wo keine pers\u00f6nliche Unterschrift vorliegt. Es betrifft auch die Belastung laut \u00a7 8, bei Nichtanreise\/ No Show.<\/p>\n<ol start=\"10\">\n<li>Stornierungen sind nur wirksam, wenn sie schriftlich erfolgen und vom Hotel schriftlich best\u00e4tigt werden.<\/li>\n<\/ol>\n<p>Nimmt ein Kunde vertragliche Leistungen, die er im Voraus bestellt oder reserviert hatte, nicht ab, so bleibt er zur Zahlung des vereinbarten Preises in folgender H\u00f6he verpflichtet:<\/p>\n<p>10.a. F\u00fcr Einzelbuchungen bis max. 4 Zimmer.<\/p>\n<ul>\n<li>Stornierung bis 7 Tage vor dem Anreisetag kostenfrei.<\/li>\n<li>Stornierung zwischen dem 6-2 Tage vor Anreise 80% der gebuchten Leistung.<\/li>\n<li>Stornierung bis 1 Tag vor Anreise sowie am Anreisetag 100% der gebuchten Leistung.<\/li>\n<\/ul>\n<p>10.b. F\u00fcr Gruppenbuchungen ab 5 Zimmer.<\/p>\n<ul>\n<li>Stornierung bis 28 Tage vor dem Anreisetag kostenfrei.<\/li>\n<li>Stornierung 27-14 Tage vor Anreise 50% der gebuchten Leistung.<\/li>\n<li>Stornierung 13-2 Tage vor Anreise 80% der gebuchten Leistung.<\/li>\n<li>Stornierung 1 Tag vor Anreise sowie am Anreisetag 100% der gebuchten Leistung.<\/li>\n<\/ul>\n<p>Die Gruppengr\u00f6\u00dfe kann um maximal 10% kostenfrei bis 2 Tage vor Anreise reduziert werden. Weitere Reduzierungen werden kostenpflichtig.<\/p>\n<p>Die bis 1 Tag vor Anreise gemeldeten Personen werden voll berechnet.<\/p>\n<p>10.c. Eine Reduzierung der Personenzahl in einem Zimmer w\u00e4hrend des Aufenthalts hat keinen Einfluss auf den best\u00e4tigten Zimmerpreis.<br>Bei vorzeitiger Abreise, bis 12.00 Uhr, die dem Hotel erst w\u00e4hrend des Aufenthaltes des Gastes mitgeteilt werden, berechnet das Hotel 60 % der Logiskosten pro Nacht bis zu dem urspr\u00fcnglichen Abreisedatum. Bei versp\u00e4teter Abreise am Abreisetag nach 12.00 Uhr berechnet das Hotel 60 % der Logiskosten der folgenden reservierten Nacht. Nach 16.00 Uhr werden 100% der Logiskosten der folgenden Nacht berechnet.<\/p>\n<ol start=\"11\">\n<li>Gegenst\u00e4nde oder Materialien, die in allgemein zug\u00e4nglichen R\u00e4umen des Hotels, in den technischen Einrichtungen und in den Konferenzs\u00e4len des Hotels hinterlassen werden gelten nicht als eingebracht, wenn sie nicht ausdr\u00fccklich von einer dazu berechtigten Person in Obhut genommen wurden.<\/li>\n<\/ol>\n<p>F\u00fcr nicht hinterlegte Wertgegenst\u00e4nde ist die Haftung ausgeschlossen. In Zimmern erstreckt sich eine Haftung dar\u00fcber hinaus nur auf die Gegenst\u00e4nde und Materialien, die von dem aus dem Beherbergungsvertrag Berechtigten eingebracht wurden.<\/p>\n<p>Das Hotel haftet bis maximal 3.500 Euro pro Gast f\u00fcr eingebrachte Sachen. Bei Geld, Wertpapieren und Kostbarkeiten ist die Obergrenze bei 800 Euro. Von dieser Haftung ausgenommen sind Fahrzeuge und Gegenst\u00e4nde darin sowie mitgebrachte Haustiere. Bei fahrl\u00e4ssiger Handlung des Gastes trifft den Hotelier keinerlei Schuld.<\/p>\n<p>Der Gast ist gegen\u00fcber dem Hotel verpflichtet den Verlust von eingebrachten Sachen unverz\u00fcglich, sp\u00e4testens jedoch bei Abreise geltend zu machen.<\/p>\n<p>Der Gast haftet f\u00fcr alle Sch\u00e4den, die von ihm w\u00e4hrend seines Aufenthaltes im Hotel verursacht worden sind.<\/p>\n<ol start=\"12\">\n<li>In den \u00f6ffentlich zug\u00e4nglichen Bereichen des Hotels ist das Verzehren von mitgebrachten Speisen und Getr\u00e4nken untersagt. Es besteht Rauchverbot im gesamten Hotel.<\/li>\n<li>Wird durch einen Vertragspartner der Gesch\u00e4ftsbetrieb oder die Sicherheit des Hotels Gersfelder Hof oder deren G\u00e4sten gef\u00e4hrdet, so kann sich das Hotel Gersfelder Hof von dem Vertrag l\u00f6sen. Dies gilt auch im Falle h\u00f6herer Gewalt und sonstiger unvorhersehbarer, au\u00dfergew\u00f6hnlicher und unverschuldeter Umst\u00e4nde, wenn dadurch die Leistung des Hotel Gersfelder Hof unm\u00f6glich, unzumutbar oder f\u00fcr den Vertragspartner ohne Interesse ist.<\/li>\n<li>Ist im Rahmen von Veranstaltungen der Veranstalter eine politische, religi\u00f6se oder weltanschauliche Gruppierung, so bedarf die Wirksamkeit des Vertrages zus\u00e4tzlich der Genehmigung durch die Gesch\u00e4ftsleitung. Verschweigt der Veranstalter gegen\u00fcber dem Hotel Gersfelder Hof, dass er eine politische, religi\u00f6se oder weltanschauliche Gruppe repr\u00e4sentiert, so ist der Vertrag schwebend unwirksam. Wird die Genehmigung der Gesch\u00e4ftsleitung auch im Nachhinein nicht erteilt, so ist der Vertrag unwirksam und das Hotel Gersfelder Hof zur Leistungsverweigerung berechtigt. In diesem Fall ist der Veranstalter zum Ersatz aller im Vertrauen auf die Wirksamkeit des Vertrages vom Hotel Gersfelder Hof get\u00e4tigten Aufwendungen verpflichtet.<\/li>\n<li>Der Vertragspartner ist verpflichtet, etwaige M\u00e4ngel unverz\u00fcglich im Hotel anzuzeigen damit der Hotelier die Chance hat, den Mangel zu beseitigen, Angezeigte und nicht beseitigte M\u00e4ngel sind innerhalb eines Monates nach der vertraglich vorgesehenen Beendigung der Leistungserbringung gegen\u00fcber des Hotels Gersfelder Hof geltend zu machen. Nach Ablauf der Frist kann der Vertragspartner nur Anspr\u00fcche geltend machen, wenn er ohne Verschulden an der Einhaltung der Frist verhindert worden ist. Anspr\u00fcche des Vertragspartners verj\u00e4hren sich in 2 Jahren. Die Verj\u00e4hrung beginnt mit dem Tage, an dem die Leistungserbringung nach dem Vertrage beendet werden sollte. Hat der Vertragspartner Anspr\u00fcche beim Hotel Gersfelder Hof geltend gemacht, so ist die Verj\u00e4hrung bis zu dem Tage gehemmt, an dem das Hotel Gersfelder Hof die Anspr\u00fcche schriftlich zur\u00fcckweist.<\/li>\n<li>Gerichtsstand f\u00fcr s\u00e4mtliche sich zwischen den Parteien aus dem<br>Vertragsverh\u00e4ltnis ergebenden Streitigkeiten ist Gersfeld.<\/li>\n<li>M\u00fcndliche oder schriftliche Nebenabreden sind nicht getroffen. \u00c4nderungen oder Erg\u00e4nzungen bed\u00fcrfen zu Ihrer Rechtswirksamkeit der Schriftform. Das gleiche gilt f\u00fcr den Verzicht auf das Schrifterfordernis.<\/li>\n<\/ol>\n<p>Hotel Gersfelder Hof, Gersfeld (Rh\u00f6n) im Februar 2022<\/p>\t\t\t\t\t\t\t\t<\/div>\n\t\t\t\t<\/div>\n\t\t\t\t\t<\/div>\n\t\t<\/div>\n\t\t\t\t\t<\/div>\n\t\t<\/section>\n\t\t\t\t<\/div>\n\t\t","protected":false},"excerpt":{"rendered":"<p>Unsere Allgemeinen Gesch\u00e4ftsbedingungen (AGB) Allgemeine Gesch\u00e4ftsbedingungen \u2013 Hotel Gersfelder Hof (Hotelgesellschaft Weber GmbH &amp; Co KG) Allgemeine Regelungen Die vorliegenden Allgemeinen Gesch\u00e4ftsbedingungen gelten f\u00fcr alle Vertr\u00e4ge, die mit dem Hotel Gersfelder Hof abgeschlossen werden. Andere AGB als die des Hotels werden nicht Vertragsinhalt, auch wenn das Hotel Gersfelder Hof diesen nicht ausdr\u00fccklich widerspricht. Auf Beherbergungsvertr\u00e4ge [&hellip;]<\/p>\n","protected":false},"author":1,"featured_media":0,"parent":0,"menu_order":0,"comment_status":"closed","ping_status":"closed","template":"","meta":{"site-sidebar-layout":"no-sidebar","site-content-layout":"page-builder","ast-site-content-layout":"default","site-content-style":"default","site-sidebar-style":"default","ast-global-header-display":"","ast-banner-title-visibility":"","ast-main-header-display":"","ast-hfb-above-header-display":"","ast-hfb-below-header-display":"","ast-hfb-mobile-header-display":"","site-post-title":"disabled","ast-breadcrumbs-content":"","ast-featured-img":"disabled","footer-sml-layout":"","ast-disable-related-posts":"","theme-transparent-header-meta":"","adv-header-id-meta":"","stick-header-meta":"","header-above-stick-meta":"","header-main-stick-meta":"","header-below-stick-meta":"","astra-migrate-meta-layouts":"default","ast-page-background-enabled":"default","ast-page-background-meta":{"desktop":{"background-color":"var(--ast-global-color-4)","background-image":"","background-repeat":"repeat","background-position":"center center","background-size":"auto","background-attachment":"scroll","background-type":"","background-media":"","overlay-type":"","overlay-color":"","overlay-opacity":"","overlay-gradient":""},"tablet":{"background-color":"","background-image":"","background-repeat":"repeat","background-position":"center center","background-size":"auto","background-attachment":"scroll","background-type":"","background-media":"","overlay-type":"","overlay-color":"","overlay-opacity":"","overlay-gradient":""},"mobile":{"background-color":"","background-image":"","background-repeat":"repeat","background-position":"center center","background-size":"auto","background-attachment":"scroll","background-type":"","background-media":"","overlay-type":"","overlay-color":"","overlay-opacity":"","overlay-gradient":""}},"ast-content-background-meta":{"desktop":{"background-color":"var(--ast-global-color-5)","background-image":"","background-repeat":"repeat","background-position":"center center","background-size":"auto","background-attachment":"scroll","background-type":"","background-media":"","overlay-type":"","overlay-color":"","overlay-opacity":"","overlay-gradient":""},"tablet":{"background-color":"var(--ast-global-color-5)","background-image":"","background-repeat":"repeat","background-position":"center center","background-size":"auto","background-attachment":"scroll","background-type":"","background-media":"","overlay-type":"","overlay-color":"","overlay-opacity":"","overlay-gradient":""},"mobile":{"background-color":"var(--ast-global-color-5)","background-image":"","background-repeat":"repeat","background-position":"center center","background-size":"auto","background-attachment":"scroll","background-type":"","background-media":"","overlay-type":"","overlay-color":"","overlay-opacity":"","overlay-gradient":""}},"footnotes":""},"class_list":["post-2699","page","type-page","status-publish","hentry"],"_links":{"self":[{"href":"https:\/\/www.gersfelder-hof.de\/en\/wp-json\/wp\/v2\/pages\/2699","targetHints":{"allow":["GET"]}}],"collection":[{"href":"https:\/\/www.gersfelder-hof.de\/en\/wp-json\/wp\/v2\/pages"}],"about":[{"href":"https:\/\/www.gersfelder-hof.de\/en\/wp-json\/wp\/v2\/types\/page"}],"author":[{"embeddable":true,"href":"https:\/\/www.gersfelder-hof.de\/en\/wp-json\/wp\/v2\/users\/1"}],"replies":[{"embeddable":true,"href":"https:\/\/www.gersfelder-hof.de\/en\/wp-json\/wp\/v2\/comments?post=2699"}],"version-history":[{"count":1,"href":"https:\/\/www.gersfelder-hof.de\/en\/wp-json\/wp\/v2\/pages\/2699\/revisions"}],"predecessor-version":[{"id":2963,"href":"https:\/\/www.gersfelder-hof.de\/en\/wp-json\/wp\/v2\/pages\/2699\/revisions\/2963"}],"wp:attachment":[{"href":"https:\/\/www.gersfelder-hof.de\/en\/wp-json\/wp\/v2\/media?parent=2699"}],"curies":[{"name":"wp","href":"https:\/\/api.w.org\/{rel}","templated":true}]}}