{"id":2697,"date":"2022-02-08T20:01:49","date_gmt":"2022-02-08T19:01:49","guid":{"rendered":"https:\/\/www.gersfelder-hof.de\/anfahrt\/"},"modified":"2023-04-18T09:33:01","modified_gmt":"2023-04-18T07:33:01","slug":"directions","status":"publish","type":"page","link":"https:\/\/www.gersfelder-hof.de\/en\/directions\/","title":{"rendered":"Directions"},"content":{"rendered":"\t\t<div data-elementor-type=\"wp-page\" data-elementor-id=\"2697\" class=\"elementor elementor-2697 elementor-421\" data-elementor-post-type=\"page\">\n\t\t\t\t\t\t<section class=\"elementor-section elementor-top-section elementor-element elementor-element-fc02ea4 elementor-section-full_width elementor-section-height-min-height elementor-section-height-default elementor-section-items-middle\" data-id=\"fc02ea4\" data-element_type=\"section\" data-e-type=\"section\" data-settings=\"{&quot;background_background&quot;:&quot;classic&quot;}\">\n\t\t\t\t\t\t\t<div class=\"elementor-background-overlay\"><\/div>\n\t\t\t\t\t\t\t<div class=\"elementor-container elementor-column-gap-default\">\n\t\t\t\t\t<div class=\"elementor-column elementor-col-100 elementor-top-column elementor-element elementor-element-9ca3200\" data-id=\"9ca3200\" data-element_type=\"column\" data-e-type=\"column\">\n\t\t\t<div class=\"elementor-widget-wrap\">\n\t\t\t\t\t\t\t<\/div>\n\t\t<\/div>\n\t\t\t\t\t<\/div>\n\t\t<\/section>\n\t\t\t\t<section class=\"elementor-section elementor-top-section elementor-element elementor-element-4c8ed9e elementor-section-boxed elementor-section-height-default elementor-section-height-default\" data-id=\"4c8ed9e\" data-element_type=\"section\" data-e-type=\"section\">\n\t\t\t\t\t\t<div class=\"elementor-container elementor-column-gap-default\">\n\t\t\t\t\t<div class=\"elementor-column elementor-col-100 elementor-top-column elementor-element elementor-element-6dacaa3\" data-id=\"6dacaa3\" data-element_type=\"column\" data-e-type=\"column\">\n\t\t\t<div class=\"elementor-widget-wrap elementor-element-populated\">\n\t\t\t\t\t\t<div class=\"elementor-element elementor-element-6105cb1 elementor-widget elementor-widget-heading\" data-id=\"6105cb1\" data-element_type=\"widget\" data-e-type=\"widget\" data-widget_type=\"heading.default\">\n\t\t\t\t<div class=\"elementor-widget-container\">\n\t\t\t\t\t<h1 class=\"elementor-heading-title elementor-size-default\">Anfahrt<\/h1>\t\t\t\t<\/div>\n\t\t\t\t<\/div>\n\t\t\t\t\t<\/div>\n\t\t<\/div>\n\t\t\t\t\t<\/div>\n\t\t<\/section>\n\t\t\t\t<section class=\"elementor-section elementor-top-section elementor-element elementor-element-0895fbb elementor-section-boxed elementor-section-height-default elementor-section-height-default\" data-id=\"0895fbb\" data-element_type=\"section\" data-e-type=\"section\">\n\t\t\t\t\t\t<div class=\"elementor-container elementor-column-gap-default\">\n\t\t\t\t\t<div class=\"elementor-column elementor-col-100 elementor-top-column elementor-element elementor-element-ae65283\" data-id=\"ae65283\" data-element_type=\"column\" data-e-type=\"column\">\n\t\t\t<div class=\"elementor-widget-wrap elementor-element-populated\">\n\t\t\t\t\t\t<div class=\"elementor-element elementor-element-791a6a8 elementor-widget elementor-widget-image\" data-id=\"791a6a8\" data-element_type=\"widget\" data-e-type=\"widget\" data-widget_type=\"image.default\">\n\t\t\t\t<div class=\"elementor-widget-container\">\n\t\t\t\t\t\t\t\t\t\t\t\t\t\t\t\t<a href=\"https:\/\/www.google.com\/maps\/place\/Hotel+Gersfelder+Hof\/@50.4474831,9.9116084,18.64z\/data=!4m8!3m7!1s0x0:0xf0c9da8297852d9e!5m2!4m1!1i2!8m2!3d50.4479099!4d9.911922\" target=\"_blank\">\n\t\t\t\t\t\t\t<img fetchpriority=\"high\" decoding=\"async\" width=\"1119\" height=\"500\" src=\"https:\/\/www.gersfelder-hof.de\/wp-content\/uploads\/2022\/11\/anfahrt-gfh.jpg\" class=\"attachment-full size-full wp-image-2369\" alt=\"\" srcset=\"https:\/\/www.gersfelder-hof.de\/wp-content\/uploads\/2022\/11\/anfahrt-gfh.jpg 1119w, https:\/\/www.gersfelder-hof.de\/wp-content\/uploads\/2022\/11\/anfahrt-gfh-300x134.jpg 300w, https:\/\/www.gersfelder-hof.de\/wp-content\/uploads\/2022\/11\/anfahrt-gfh-1024x458.jpg 1024w, https:\/\/www.gersfelder-hof.de\/wp-content\/uploads\/2022\/11\/anfahrt-gfh-768x343.jpg 768w\" sizes=\"(max-width: 1119px) 100vw, 1119px\" \/>\t\t\t\t\t\t\t\t<\/a>\n\t\t\t\t\t\t\t\t\t\t\t\t\t\t\t<\/div>\n\t\t\t\t<\/div>\n\t\t\t\t<div class=\"elementor-element elementor-element-9373635 elementor-widget elementor-widget-text-editor\" data-id=\"9373635\" data-element_type=\"widget\" data-e-type=\"widget\" data-widget_type=\"text-editor.default\">\n\t\t\t\t<div class=\"elementor-widget-container\">\n\t\t\t\t\t\t\t\t\t<p><a href=\"https:\/\/www.google.com\/maps\/place\/Hotel+Gersfelder+Hof\/@50.4474831,9.9116084,18.64z\/data=!4m8!3m7!1s0x0:0xf0c9da8297852d9e!5m2!4m1!1i2!8m2!3d50.4479099!4d9.911922\" target=\"_blank\" rel=\"noopener\">Link zu Google Maps Routenplaner (externer Link)<\/a>.<\/p>\t\t\t\t\t\t\t\t<\/div>\n\t\t\t\t<\/div>\n\t\t\t\t\t<\/div>\n\t\t<\/div>\n\t\t\t\t\t<\/div>\n\t\t<\/section>\n\t\t\t\t<section class=\"elementor-section elementor-top-section elementor-element elementor-element-f0b82ff elementor-section-boxed elementor-section-height-default elementor-section-height-default\" data-id=\"f0b82ff\" data-element_type=\"section\" data-e-type=\"section\">\n\t\t\t\t\t\t<div class=\"elementor-container elementor-column-gap-default\">\n\t\t\t\t\t<div class=\"elementor-column elementor-col-100 elementor-top-column elementor-element elementor-element-62358d3\" data-id=\"62358d3\" data-element_type=\"column\" data-e-type=\"column\">\n\t\t\t<div class=\"elementor-widget-wrap elementor-element-populated\">\n\t\t\t\t\t\t<div class=\"elementor-element elementor-element-c3df32e elementor-widget elementor-widget-text-editor\" data-id=\"c3df32e\" data-element_type=\"widget\" data-e-type=\"widget\" data-widget_type=\"text-editor.default\">\n\t\t\t\t<div class=\"elementor-widget-container\">\n\t\t\t\t\t\t\t\t\t<h2>Mit dem Auto<\/h2><p>\u2026von Norden kommend: \u00fcber die A7 bis Abfahrt Fulda-S\u00fcd (Dreieck Fulda), auf die B27 bis nach D\u00f6llbach, dann \u00fcber die B279 nach Gersfeld.<\/p><p>\u2026von S\u00fcden kommend: \u00fcber die A7 bis Abfahrt Br\u00fcckenau-Wildflecken, \u00fcber Wildflecken weiter bis Oberwei\u00dfenbrunn und dann \u00fcber die B297 nach Gersfeld.<\/p><p>\u2026von Frankfurt kommend: \u00fcber die A66, vor Fulda auf die B27 bis nach D\u00f6llbach. Von dort \u00fcber die B279 nach Gersfeld. Achtung: An den Ein-und Ausfahrten von Rothemann, Altenfeld und Gersfeld befinden sich Geschwindigkeitsmessanlagen!<\/p><p>F\u00fcr unsere G\u00e4ste mit E-Auto oder Hybrid stehen zwei kostenpflichtige Lades\u00e4ulen vor unserem Hotel bereit.\u00a0<\/p><h2>Mit der Bahn<\/h2><p>ICE-Haltestation Fulda, dann mit Zug- oder Busverbindung nach Gersfeld. Der Bahnhof Gersfeld liegt in unmittelbarer N\u00e4he zum Hotel und Restaurant Gersfelder Hof (400m). Auf Wunsch holen wir Sie am Bahnhof Gersfeld ab.<\/p><h2>Mit dem Sport- oder Segelflugzeug<\/h2><p>\u2026und einer Au\u00dfenstart- und Landeerlaubnis auf der Wasserkuppe m\u00f6glich. Wir holen Sie auf Wunsch vom Flugplatz ab.<\/p>\t\t\t\t\t\t\t\t<\/div>\n\t\t\t\t<\/div>\n\t\t\t\t\t<\/div>\n\t\t<\/div>\n\t\t\t\t\t<\/div>\n\t\t<\/section>\n\t\t\t\t<section class=\"elementor-section elementor-top-section elementor-element elementor-element-479954b elementor-section-full_width elementor-section-height-full elementor-section-items-bottom elementor-section-height-default\" data-id=\"479954b\" data-element_type=\"section\" data-e-type=\"section\" data-settings=\"{&quot;background_background&quot;:&quot;classic&quot;}\">\n\t\t\t\t\t\t\t<div class=\"elementor-background-overlay\"><\/div>\n\t\t\t\t\t\t\t<div class=\"elementor-container elementor-column-gap-default\">\n\t\t\t\t\t<div class=\"elementor-column elementor-col-100 elementor-top-column elementor-element elementor-element-1cd708a\" data-id=\"1cd708a\" data-element_type=\"column\" data-e-type=\"column\">\n\t\t\t<div class=\"elementor-widget-wrap elementor-element-populated\">\n\t\t\t\t\t\t<div class=\"elementor-element elementor-element-53a72a1 elementor-widget elementor-widget-heading\" data-id=\"53a72a1\" data-element_type=\"widget\" data-e-type=\"widget\" data-widget_type=\"heading.default\">\n\t\t\t\t<div class=\"elementor-widget-container\">\n\t\t\t\t\t<h1 class=\"elementor-heading-title elementor-size-default\">Ihre Stadtflucht in die Natur<\/h1>\t\t\t\t<\/div>\n\t\t\t\t<\/div>\n\t\t\t\t<div class=\"elementor-element elementor-element-8490d99 elementor-widget elementor-widget-heading\" data-id=\"8490d99\" data-element_type=\"widget\" data-e-type=\"widget\" data-widget_type=\"heading.default\">\n\t\t\t\t<div class=\"elementor-widget-container\">\n\t\t\t\t\t<span class=\"elementor-heading-title elementor-size-default\">Hotel Gersfelder Hof \u2013 mitten in Deutschland \u2013 mitten in der Natur der Rh\u00f6n<\/span>\t\t\t\t<\/div>\n\t\t\t\t<\/div>\n\t\t\t\t\t<\/div>\n\t\t<\/div>\n\t\t\t\t\t<\/div>\n\t\t<\/section>\n\t\t\t\t<\/div>\n\t\t","protected":false},"excerpt":{"rendered":"<p>Anfahrt Link zu Google Maps Routenplaner (externer Link). Mit dem Auto \u2026von Norden kommend: \u00fcber die A7 bis Abfahrt Fulda-S\u00fcd (Dreieck Fulda), auf die B27 bis nach D\u00f6llbach, dann \u00fcber die B279 nach Gersfeld. \u2026von S\u00fcden kommend: \u00fcber die A7 bis Abfahrt Br\u00fcckenau-Wildflecken, \u00fcber Wildflecken weiter bis Oberwei\u00dfenbrunn und dann \u00fcber die B297 nach Gersfeld. [&hellip;]<\/p>\n","protected":false},"author":1,"featured_media":0,"parent":0,"menu_order":0,"comment_status":"closed","ping_status":"closed","template":"","meta":{"site-sidebar-layout":"no-sidebar","site-content-layout":"page-builder","ast-site-content-layout":"default","site-content-style":"default","site-sidebar-style":"default","ast-global-header-display":"","ast-banner-title-visibility":"","ast-main-header-display":"","ast-hfb-above-header-display":"","ast-hfb-below-header-display":"","ast-hfb-mobile-header-display":"","site-post-title":"disabled","ast-breadcrumbs-content":"","ast-featured-img":"disabled","footer-sml-layout":"","ast-disable-related-posts":"","theme-transparent-header-meta":"","adv-header-id-meta":"","stick-header-meta":"","header-above-stick-meta":"","header-main-stick-meta":"","header-below-stick-meta":"","astra-migrate-meta-layouts":"default","ast-page-background-enabled":"default","ast-page-background-meta":{"desktop":{"background-color":"var(--ast-global-color-4)","background-image":"","background-repeat":"repeat","background-position":"center center","background-size":"auto","background-attachment":"scroll","background-type":"","background-media":"","overlay-type":"","overlay-color":"","overlay-opacity":"","overlay-gradient":""},"tablet":{"background-color":"","background-image":"","background-repeat":"repeat","background-position":"center center","background-size":"auto","background-attachment":"scroll","background-type":"","background-media":"","overlay-type":"","overlay-color":"","overlay-opacity":"","overlay-gradient":""},"mobile":{"background-color":"","background-image":"","background-repeat":"repeat","background-position":"center center","background-size":"auto","background-attachment":"scroll","background-type":"","background-media":"","overlay-type":"","overlay-color":"","overlay-opacity":"","overlay-gradient":""}},"ast-content-background-meta":{"desktop":{"background-color":"var(--ast-global-color-5)","background-image":"","background-repeat":"repeat","background-position":"center center","background-size":"auto","background-attachment":"scroll","background-type":"","background-media":"","overlay-type":"","overlay-color":"","overlay-opacity":"","overlay-gradient":""},"tablet":{"background-color":"var(--ast-global-color-5)","background-image":"","background-repeat":"repeat","background-position":"center center","background-size":"auto","background-attachment":"scroll","background-type":"","background-media":"","overlay-type":"","overlay-color":"","overlay-opacity":"","overlay-gradient":""},"mobile":{"background-color":"var(--ast-global-color-5)","background-image":"","background-repeat":"repeat","background-position":"center center","background-size":"auto","background-attachment":"scroll","background-type":"","background-media":"","overlay-type":"","overlay-color":"","overlay-opacity":"","overlay-gradient":""}},"footnotes":""},"class_list":["post-2697","page","type-page","status-publish","hentry"],"_links":{"self":[{"href":"https:\/\/www.gersfelder-hof.de\/en\/wp-json\/wp\/v2\/pages\/2697","targetHints":{"allow":["GET"]}}],"collection":[{"href":"https:\/\/www.gersfelder-hof.de\/en\/wp-json\/wp\/v2\/pages"}],"about":[{"href":"https:\/\/www.gersfelder-hof.de\/en\/wp-json\/wp\/v2\/types\/page"}],"author":[{"embeddable":true,"href":"https:\/\/www.gersfelder-hof.de\/en\/wp-json\/wp\/v2\/users\/1"}],"replies":[{"embeddable":true,"href":"https:\/\/www.gersfelder-hof.de\/en\/wp-json\/wp\/v2\/comments?post=2697"}],"version-history":[{"count":1,"href":"https:\/\/www.gersfelder-hof.de\/en\/wp-json\/wp\/v2\/pages\/2697\/revisions"}],"predecessor-version":[{"id":2961,"href":"https:\/\/www.gersfelder-hof.de\/en\/wp-json\/wp\/v2\/pages\/2697\/revisions\/2961"}],"wp:attachment":[{"href":"https:\/\/www.gersfelder-hof.de\/en\/wp-json\/wp\/v2\/media?parent=2697"}],"curies":[{"name":"wp","href":"https:\/\/api.w.org\/{rel}","templated":true}]}}