{"id":2696,"date":"2022-02-09T12:19:36","date_gmt":"2022-02-09T11:19:36","guid":{"rendered":"https:\/\/www.gersfelder-hof.de\/wellness\/"},"modified":"2026-02-20T17:20:55","modified_gmt":"2026-02-20T16:20:55","slug":"wellness","status":"publish","type":"page","link":"https:\/\/www.gersfelder-hof.de\/en\/wellness\/","title":{"rendered":"Massage &amp; mehr"},"content":{"rendered":"\t\t<div data-elementor-type=\"wp-page\" data-elementor-id=\"2696\" class=\"elementor elementor-2696 elementor-438\" data-elementor-post-type=\"page\">\n\t\t\t\t\t\t<section class=\"elementor-section elementor-top-section elementor-element elementor-element-fc02ea4 elementor-section-full_width elementor-section-height-full elementor-section-height-default elementor-section-items-middle\" data-id=\"fc02ea4\" data-element_type=\"section\" data-e-type=\"section\" data-settings=\"{&quot;background_background&quot;:&quot;classic&quot;}\">\n\t\t\t\t\t\t\t<div class=\"elementor-background-overlay\"><\/div>\n\t\t\t\t\t\t\t<div class=\"elementor-container elementor-column-gap-default\">\n\t\t\t\t\t<div class=\"elementor-column elementor-col-100 elementor-top-column elementor-element elementor-element-9ca3200\" data-id=\"9ca3200\" data-element_type=\"column\" data-e-type=\"column\">\n\t\t\t<div class=\"elementor-widget-wrap\">\n\t\t\t\t\t\t\t<\/div>\n\t\t<\/div>\n\t\t\t\t\t<\/div>\n\t\t<\/section>\n\t\t\t\t<section class=\"elementor-section elementor-top-section elementor-element elementor-element-4c8ed9e elementor-section-boxed elementor-section-height-default elementor-section-height-default\" data-id=\"4c8ed9e\" data-element_type=\"section\" data-e-type=\"section\">\n\t\t\t\t\t\t<div class=\"elementor-container elementor-column-gap-default\">\n\t\t\t\t\t<div class=\"elementor-column elementor-col-100 elementor-top-column elementor-element elementor-element-6dacaa3\" data-id=\"6dacaa3\" data-element_type=\"column\" data-e-type=\"column\">\n\t\t\t<div class=\"elementor-widget-wrap elementor-element-populated\">\n\t\t\t\t\t\t<div class=\"elementor-element elementor-element-6105cb1 elementor-widget elementor-widget-heading\" data-id=\"6105cb1\" data-element_type=\"widget\" data-e-type=\"widget\" data-widget_type=\"heading.default\">\n\t\t\t\t<div class=\"elementor-widget-container\">\n\t\t\t\t\t<h1 class=\"elementor-heading-title elementor-size-default\">Massage und Wellness in der Rh\u00f6n<\/h1>\t\t\t\t<\/div>\n\t\t\t\t<\/div>\n\t\t\t\t<div class=\"elementor-element elementor-element-030e8d6 elementor-widget elementor-widget-heading\" data-id=\"030e8d6\" data-element_type=\"widget\" data-e-type=\"widget\" data-widget_type=\"heading.default\">\n\t\t\t\t<div class=\"elementor-widget-container\">\n\t\t\t\t\t<span class=\"elementor-heading-title elementor-size-default\">DIE PURE Entspannung im Hotel Gersfelder Hof<\/span>\t\t\t\t<\/div>\n\t\t\t\t<\/div>\n\t\t\t\t\t<\/div>\n\t\t<\/div>\n\t\t\t\t\t<\/div>\n\t\t<\/section>\n\t\t\t\t<section class=\"elementor-section elementor-top-section elementor-element elementor-element-0895fbb elementor-section-boxed elementor-section-height-default elementor-section-height-default\" data-id=\"0895fbb\" data-element_type=\"section\" data-e-type=\"section\">\n\t\t\t\t\t\t<div class=\"elementor-container elementor-column-gap-default\">\n\t\t\t\t\t<div class=\"elementor-column elementor-col-50 elementor-top-column elementor-element elementor-element-ae65283\" data-id=\"ae65283\" data-element_type=\"column\" data-e-type=\"column\">\n\t\t\t<div class=\"elementor-widget-wrap elementor-element-populated\">\n\t\t\t\t\t\t<div class=\"elementor-element elementor-element-7743586 elementor-widget elementor-widget-text-editor\" data-id=\"7743586\" data-element_type=\"widget\" data-e-type=\"widget\" data-widget_type=\"text-editor.default\">\n\t\t\t\t<div class=\"elementor-widget-container\">\n\t\t\t\t\t\t\t\t\t<p>Zur Entspannung nach erlebnisreichen Ausfl\u00fcgen oder einer anstrengenden Tagung l\u00e4dt unser Wellnessbereich mit Panoramasauna, physiotherm Fit- und Gesundheitskabine, Schwimmbad (11&#215;8 Meter), Liegebereich innen und au\u00dfen zum Verweilen ein!<\/p><p>Einen Leihbademantel und das Saunatuch halten wir f\u00fcr Sie bereit.<\/p>\t\t\t\t\t\t\t\t<\/div>\n\t\t\t\t<\/div>\n\t\t\t\t\t<\/div>\n\t\t<\/div>\n\t\t\t\t<div class=\"elementor-column elementor-col-50 elementor-top-column elementor-element elementor-element-fccfa06\" data-id=\"fccfa06\" data-element_type=\"column\" data-e-type=\"column\">\n\t\t\t<div class=\"elementor-widget-wrap elementor-element-populated\">\n\t\t\t\t\t\t<div class=\"elementor-element elementor-element-1c0395b elementor-widget elementor-widget-image\" data-id=\"1c0395b\" data-element_type=\"widget\" data-e-type=\"widget\" data-widget_type=\"image.default\">\n\t\t\t\t<div class=\"elementor-widget-container\">\n\t\t\t\t\t\t\t\t\t\t\t\t\t\t\t<img fetchpriority=\"high\" decoding=\"async\" width=\"1024\" height=\"683\" src=\"https:\/\/www.gersfelder-hof.de\/wp-content\/uploads\/2022\/02\/gfh-sauna2-1024x683.jpg\" class=\"attachment-large size-large wp-image-1817\" alt=\"\" srcset=\"https:\/\/www.gersfelder-hof.de\/wp-content\/uploads\/2022\/02\/gfh-sauna2-1024x683.jpg 1024w, https:\/\/www.gersfelder-hof.de\/wp-content\/uploads\/2022\/02\/gfh-sauna2-300x200.jpg 300w, https:\/\/www.gersfelder-hof.de\/wp-content\/uploads\/2022\/02\/gfh-sauna2-768x512.jpg 768w, https:\/\/www.gersfelder-hof.de\/wp-content\/uploads\/2022\/02\/gfh-sauna2-1536x1024.jpg 1536w, https:\/\/www.gersfelder-hof.de\/wp-content\/uploads\/2022\/02\/gfh-sauna2.jpg 1800w\" sizes=\"(max-width: 1024px) 100vw, 1024px\" \/>\t\t\t\t\t\t\t\t\t\t\t\t\t\t\t<\/div>\n\t\t\t\t<\/div>\n\t\t\t\t\t<\/div>\n\t\t<\/div>\n\t\t\t\t\t<\/div>\n\t\t<\/section>\n\t\t\t\t<section class=\"elementor-section elementor-top-section elementor-element elementor-element-7b284da elementor-section-boxed elementor-section-height-default elementor-section-height-default\" data-id=\"7b284da\" data-element_type=\"section\" data-e-type=\"section\">\n\t\t\t\t\t\t<div class=\"elementor-container elementor-column-gap-default\">\n\t\t\t\t\t<div class=\"elementor-column elementor-col-100 elementor-top-column elementor-element elementor-element-06dc9cf\" data-id=\"06dc9cf\" data-element_type=\"column\" data-e-type=\"column\">\n\t\t\t<div class=\"elementor-widget-wrap elementor-element-populated\">\n\t\t\t\t\t\t<div class=\"elementor-element elementor-element-7ffa6d6 elementor-widget elementor-widget-heading\" data-id=\"7ffa6d6\" data-element_type=\"widget\" data-e-type=\"widget\" data-widget_type=\"heading.default\">\n\t\t\t\t<div class=\"elementor-widget-container\">\n\t\t\t\t\t<h2 class=\"elementor-heading-title elementor-size-default\"><p>W<b>illkommen in Ihrer pers\u00f6nlichen Wohlf\u00fchloase \u2013 bei\nMasseurin Selma<\/b><span style=\"font-size: 2.13333rem;font-style: inherit\"><\/span><\/p><\/h2>\t\t\t\t<\/div>\n\t\t\t\t<\/div>\n\t\t\t\t\t<\/div>\n\t\t<\/div>\n\t\t\t\t\t<\/div>\n\t\t<\/section>\n\t\t\t\t<section class=\"elementor-section elementor-top-section elementor-element elementor-element-78cbc89 elementor-section-boxed elementor-section-height-default elementor-section-height-default\" data-id=\"78cbc89\" data-element_type=\"section\" data-e-type=\"section\">\n\t\t\t\t\t\t<div class=\"elementor-container elementor-column-gap-default\">\n\t\t\t\t\t<div class=\"elementor-column elementor-col-33 elementor-top-column elementor-element elementor-element-e7ca01c\" data-id=\"e7ca01c\" data-element_type=\"column\" data-e-type=\"column\">\n\t\t\t<div class=\"elementor-widget-wrap elementor-element-populated\">\n\t\t\t\t\t\t<div class=\"elementor-element elementor-element-3cd0c58 elementor-widget elementor-widget-text-editor\" data-id=\"3cd0c58\" data-element_type=\"widget\" data-e-type=\"widget\" data-widget_type=\"text-editor.default\">\n\t\t\t\t<div class=\"elementor-widget-container\">\n\t\t\t\t\t\t\t\t\t<p><strong>Klassische Ganzk\u00f6rpermassage<br \/><\/strong><strong style=\"font-style: inherit;\">F\u00fcr tiefgehende Entspannung und neue Energie<\/strong><\/p><ul><li>70 Minuten inkl. Ruhezeit \u2013 99,00 EUR<\/li><li>100 Minuten inkl. Ruhezeit \u2013 119,00 EUR<\/li><\/ul>\t\t\t\t\t\t\t\t<\/div>\n\t\t\t\t<\/div>\n\t\t\t\t\t<\/div>\n\t\t<\/div>\n\t\t\t\t<div class=\"elementor-column elementor-col-33 elementor-top-column elementor-element elementor-element-c3ecbde\" data-id=\"c3ecbde\" data-element_type=\"column\" data-e-type=\"column\">\n\t\t\t<div class=\"elementor-widget-wrap elementor-element-populated\">\n\t\t\t\t\t\t<div class=\"elementor-element elementor-element-d79f3d3 elementor-widget elementor-widget-text-editor\" data-id=\"d79f3d3\" data-element_type=\"widget\" data-e-type=\"widget\" data-widget_type=\"text-editor.default\">\n\t\t\t\t<div class=\"elementor-widget-container\">\n\t\t\t\t\t\t\t\t\t<p><strong>Aroma\u00f6l-Ganzk\u00f6rpermassage<br \/><\/strong><strong style=\"font-style: inherit;\">Sanfte D\u00fcfte, warme \u00d6le und pure Erholung<\/strong><\/p><ul><li>70 Minuten inkl. Ruhezeit \u2013 90,00 EUR<\/li><\/ul>\t\t\t\t\t\t\t\t<\/div>\n\t\t\t\t<\/div>\n\t\t\t\t\t<\/div>\n\t\t<\/div>\n\t\t\t\t<div class=\"elementor-column elementor-col-33 elementor-top-column elementor-element elementor-element-d802301\" data-id=\"d802301\" data-element_type=\"column\" data-e-type=\"column\">\n\t\t\t<div class=\"elementor-widget-wrap elementor-element-populated\">\n\t\t\t\t\t\t<div class=\"elementor-element elementor-element-6d5e021 elementor-widget elementor-widget-text-editor\" data-id=\"6d5e021\" data-element_type=\"widget\" data-e-type=\"widget\" data-widget_type=\"text-editor.default\">\n\t\t\t\t<div class=\"elementor-widget-container\">\n\t\t\t\t\t\t\t\t\t<p><strong>R\u00fccken- &amp; Nackenmassage inkl. Breu\u00df<br \/><\/strong><span style=\"font-style: inherit;\"><b>Ideal bei Verspannungen und Stress<br \/><\/b><\/span><span style=\"font-style: inherit;\"><b><br \/><\/b><span style=\"font-weight: inherit;\">70 Minuten inkl. Ruhezeit \u2013 90,00 EUR<\/span><\/span><\/p>\t\t\t\t\t\t\t\t<\/div>\n\t\t\t\t<\/div>\n\t\t\t\t\t<\/div>\n\t\t<\/div>\n\t\t\t\t\t<\/div>\n\t\t<\/section>\n\t\t\t\t<section class=\"elementor-section elementor-top-section elementor-element elementor-element-94a92a7 elementor-section-boxed elementor-section-height-default elementor-section-height-default\" data-id=\"94a92a7\" data-element_type=\"section\" data-e-type=\"section\">\n\t\t\t\t\t\t<div class=\"elementor-container elementor-column-gap-default\">\n\t\t\t\t\t<div class=\"elementor-column elementor-col-33 elementor-top-column elementor-element elementor-element-7137b06\" data-id=\"7137b06\" data-element_type=\"column\" data-e-type=\"column\">\n\t\t\t<div class=\"elementor-widget-wrap elementor-element-populated\">\n\t\t\t\t\t\t<div class=\"elementor-element elementor-element-75bab55 elementor-widget elementor-widget-image\" data-id=\"75bab55\" data-element_type=\"widget\" data-e-type=\"widget\" data-widget_type=\"image.default\">\n\t\t\t\t<div class=\"elementor-widget-container\">\n\t\t\t\t\t\t\t\t\t\t\t\t\t\t\t<img decoding=\"async\" width=\"1024\" height=\"682\" src=\"https:\/\/www.gersfelder-hof.de\/wp-content\/uploads\/2026\/01\/nur_Insta_29-1024x682.jpg\" class=\"attachment-large size-large wp-image-4664\" alt=\"\" srcset=\"https:\/\/www.gersfelder-hof.de\/wp-content\/uploads\/2026\/01\/nur_Insta_29-1024x682.jpg 1024w, https:\/\/www.gersfelder-hof.de\/wp-content\/uploads\/2026\/01\/nur_Insta_29-300x200.jpg 300w, https:\/\/www.gersfelder-hof.de\/wp-content\/uploads\/2026\/01\/nur_Insta_29-768x511.jpg 768w, https:\/\/www.gersfelder-hof.de\/wp-content\/uploads\/2026\/01\/nur_Insta_29.jpg 1080w\" sizes=\"(max-width: 1024px) 100vw, 1024px\" \/>\t\t\t\t\t\t\t\t\t\t\t\t\t\t\t<\/div>\n\t\t\t\t<\/div>\n\t\t\t\t\t<\/div>\n\t\t<\/div>\n\t\t\t\t<div class=\"elementor-column elementor-col-33 elementor-top-column elementor-element elementor-element-a027dbf\" data-id=\"a027dbf\" data-element_type=\"column\" data-e-type=\"column\">\n\t\t\t<div class=\"elementor-widget-wrap elementor-element-populated\">\n\t\t\t\t\t\t<div class=\"elementor-element elementor-element-f37a525 elementor-widget elementor-widget-image\" data-id=\"f37a525\" data-element_type=\"widget\" data-e-type=\"widget\" data-widget_type=\"image.default\">\n\t\t\t\t<div class=\"elementor-widget-container\">\n\t\t\t\t\t\t\t\t\t\t\t\t\t\t\t<img decoding=\"async\" width=\"1024\" height=\"682\" src=\"https:\/\/www.gersfelder-hof.de\/wp-content\/uploads\/2026\/01\/nur_Insta_10-1024x682.webp\" class=\"attachment-large size-large wp-image-4663\" alt=\"\" srcset=\"https:\/\/www.gersfelder-hof.de\/wp-content\/uploads\/2026\/01\/nur_Insta_10-1024x682.webp 1024w, https:\/\/www.gersfelder-hof.de\/wp-content\/uploads\/2026\/01\/nur_Insta_10-300x200.webp 300w, https:\/\/www.gersfelder-hof.de\/wp-content\/uploads\/2026\/01\/nur_Insta_10-768x511.webp 768w, https:\/\/www.gersfelder-hof.de\/wp-content\/uploads\/2026\/01\/nur_Insta_10.webp 1080w\" sizes=\"(max-width: 1024px) 100vw, 1024px\" \/>\t\t\t\t\t\t\t\t\t\t\t\t\t\t\t<\/div>\n\t\t\t\t<\/div>\n\t\t\t\t\t<\/div>\n\t\t<\/div>\n\t\t\t\t<div class=\"elementor-column elementor-col-33 elementor-top-column elementor-element elementor-element-69ebe1f\" data-id=\"69ebe1f\" data-element_type=\"column\" data-e-type=\"column\">\n\t\t\t<div class=\"elementor-widget-wrap elementor-element-populated\">\n\t\t\t\t\t\t<div class=\"elementor-element elementor-element-9586292 elementor-widget elementor-widget-image\" data-id=\"9586292\" data-element_type=\"widget\" data-e-type=\"widget\" data-widget_type=\"image.default\">\n\t\t\t\t<div class=\"elementor-widget-container\">\n\t\t\t\t\t\t\t\t\t\t\t\t\t\t\t<img loading=\"lazy\" decoding=\"async\" width=\"300\" height=\"200\" src=\"https:\/\/www.gersfelder-hof.de\/wp-content\/uploads\/2026\/01\/c18oj7wi.webp\" class=\"attachment-medium_large size-medium_large wp-image-4711\" alt=\"\" \/>\t\t\t\t\t\t\t\t\t\t\t\t\t\t\t<\/div>\n\t\t\t\t<\/div>\n\t\t\t\t\t<\/div>\n\t\t<\/div>\n\t\t\t\t\t<\/div>\n\t\t<\/section>\n\t\t\t\t<section class=\"elementor-section elementor-top-section elementor-element elementor-element-86a4eac elementor-section-boxed elementor-section-height-default elementor-section-height-default\" data-id=\"86a4eac\" data-element_type=\"section\" data-e-type=\"section\">\n\t\t\t\t\t\t<div class=\"elementor-container elementor-column-gap-default\">\n\t\t\t\t\t<div class=\"elementor-column elementor-col-100 elementor-top-column elementor-element elementor-element-7d4a317\" data-id=\"7d4a317\" data-element_type=\"column\" data-e-type=\"column\">\n\t\t\t<div class=\"elementor-widget-wrap elementor-element-populated\">\n\t\t\t\t\t\t<div class=\"elementor-element elementor-element-d7ba7f3 elementor-widget elementor-widget-text-editor\" data-id=\"d7ba7f3\" data-element_type=\"widget\" data-e-type=\"widget\" data-widget_type=\"text-editor.default\">\n\t\t\t\t<div class=\"elementor-widget-container\">\n\t\t\t\t\t\t\t\t\t<p><strong>So buchen Sie Ihre Wohlf\u00fchlzeit<br><\/strong><b>Massagetermine:<\/b><br>Unsere wohltuenden Massagen k\u00f6nnen in der Regel freitags und samstags gebucht werden.<br>G\u00f6nnen Sie sich eine kleine Auszeit und lassen Sie sich rundum verw\u00f6hnen \u2013 Selma freut sich auf Ihre Terminvereinbarung!<\/p>\n<p>Bitte buchen Sie Ihre Anwendung telefonisch oder per E-Mail. Wir empfehlen eine Vorlaufzeit von 1 Woche.<\/p>\n<p>Telefon: <strong>0152 273 202 60<\/strong><\/p>\n<p>E-Mail: <strong>selmabouhlel@tutanota.com<\/strong><\/p>\n<p>Erreichbar<b>:<\/b> Montag bis Freitag, 15:00\u201319:00 Uhr<\/p>\n<p>Sollten Sie Frau Selma Bouhlel nicht erreichen, befindet sie sich gerade in einer Behandlung \u2013 sie ruft Sie selbstverst\u00e4ndlich gerne zur\u00fcck.<\/p>\t\t\t\t\t\t\t\t<\/div>\n\t\t\t\t<\/div>\n\t\t\t\t\t<\/div>\n\t\t<\/div>\n\t\t\t\t\t<\/div>\n\t\t<\/section>\n\t\t\t\t<section class=\"elementor-section elementor-top-section elementor-element elementor-element-cb18417 elementor-section-boxed elementor-section-height-default elementor-section-height-default\" data-id=\"cb18417\" data-element_type=\"section\" data-e-type=\"section\">\n\t\t\t\t\t\t<div class=\"elementor-container elementor-column-gap-default\">\n\t\t\t\t\t<div class=\"elementor-column elementor-col-100 elementor-top-column elementor-element elementor-element-e5ad758\" data-id=\"e5ad758\" data-element_type=\"column\" data-e-type=\"column\">\n\t\t\t<div class=\"elementor-widget-wrap elementor-element-populated\">\n\t\t\t\t\t\t<div class=\"elementor-element elementor-element-8f534e0 elementor-widget elementor-widget-heading\" data-id=\"8f534e0\" data-element_type=\"widget\" data-e-type=\"widget\" data-widget_type=\"heading.default\">\n\t\t\t\t<div class=\"elementor-widget-container\">\n\t\t\t\t\t<h2 class=\"elementor-heading-title elementor-size-default\">Unser Schwimmbad<\/h2>\t\t\t\t<\/div>\n\t\t\t\t<\/div>\n\t\t\t\t<div class=\"elementor-element elementor-element-a411794 elementor-widget elementor-widget-heading\" data-id=\"a411794\" data-element_type=\"widget\" data-e-type=\"widget\" data-widget_type=\"heading.default\">\n\t\t\t\t<div class=\"elementor-widget-container\">\n\t\t\t\t\t<span class=\"elementor-heading-title elementor-size-default\">Entspannen Sie im wohlig warmen wasser<\/span>\t\t\t\t<\/div>\n\t\t\t\t<\/div>\n\t\t\t\t\t<\/div>\n\t\t<\/div>\n\t\t\t\t\t<\/div>\n\t\t<\/section>\n\t\t\t\t<section class=\"elementor-section elementor-top-section elementor-element elementor-element-c3debb8 elementor-section-full_width elementor-section-height-min-height elementor-section-height-default elementor-section-items-middle\" data-id=\"c3debb8\" data-element_type=\"section\" data-e-type=\"section\" data-settings=\"{&quot;background_background&quot;:&quot;classic&quot;}\">\n\t\t\t\t\t\t<div class=\"elementor-container elementor-column-gap-default\">\n\t\t\t\t\t<div class=\"elementor-column elementor-col-100 elementor-top-column elementor-element elementor-element-2dfc579\" data-id=\"2dfc579\" data-element_type=\"column\" data-e-type=\"column\">\n\t\t\t<div class=\"elementor-widget-wrap\">\n\t\t\t\t\t\t\t<\/div>\n\t\t<\/div>\n\t\t\t\t\t<\/div>\n\t\t<\/section>\n\t\t\t\t<section class=\"elementor-section elementor-top-section elementor-element elementor-element-741a6c9 elementor-section-boxed elementor-section-height-default elementor-section-height-default\" data-id=\"741a6c9\" data-element_type=\"section\" data-e-type=\"section\">\n\t\t\t\t\t\t<div class=\"elementor-container elementor-column-gap-default\">\n\t\t\t\t\t<div class=\"elementor-column elementor-col-100 elementor-top-column elementor-element elementor-element-d08dd4f\" data-id=\"d08dd4f\" data-element_type=\"column\" data-e-type=\"column\">\n\t\t\t<div class=\"elementor-widget-wrap elementor-element-populated\">\n\t\t\t\t\t\t<div class=\"elementor-element elementor-element-bc1a7a3 elementor-widget elementor-widget-text-editor\" data-id=\"bc1a7a3\" data-element_type=\"widget\" data-e-type=\"widget\" data-widget_type=\"text-editor.default\">\n\t\t\t\t<div class=\"elementor-widget-container\">\n\t\t\t\t\t\t\t\t\t<p>Was gibt es sch\u00f6neres als nach einem Tag in der Rh\u00f6ner Naturlandschaft oder einer intensiven Tagung in unserem wohlig warmen Schwimmbad (11 x 8 Meter) oder in unserer finnischen Panorama Sauna zu relaxen?<\/p>\n<p>Neben Ruheraum und Liegewiese steht Ihnen au\u00dferdem noch eine physiotherm Fit- und Gesundheitskabine zur Verf\u00fcgung.<\/p>\n\n<p>Leihbademantel und Handt\u00fccher f\u00fcr den Wellnessbereich halten wir f\u00fcr Sie bereit.<\/p>\t\t\t\t\t\t\t\t<\/div>\n\t\t\t\t<\/div>\n\t\t\t\t\t<\/div>\n\t\t<\/div>\n\t\t\t\t\t<\/div>\n\t\t<\/section>\n\t\t\t\t<section class=\"elementor-section elementor-top-section elementor-element elementor-element-ec2bc86 elementor-section-full_width elementor-section-content-top elementor-section-height-full elementor-section-items-top elementor-section-height-default\" data-id=\"ec2bc86\" data-element_type=\"section\" data-e-type=\"section\" data-settings=\"{&quot;background_background&quot;:&quot;classic&quot;}\">\n\t\t\t\t\t\t\t<div class=\"elementor-background-overlay\"><\/div>\n\t\t\t\t\t\t\t<div class=\"elementor-container elementor-column-gap-default\">\n\t\t\t\t\t<div class=\"elementor-column elementor-col-100 elementor-top-column elementor-element elementor-element-0327538\" data-id=\"0327538\" data-element_type=\"column\" data-e-type=\"column\">\n\t\t\t<div class=\"elementor-widget-wrap elementor-element-populated\">\n\t\t\t\t\t\t<div class=\"elementor-element elementor-element-1c218de elementor-widget elementor-widget-heading\" data-id=\"1c218de\" data-element_type=\"widget\" data-e-type=\"widget\" data-widget_type=\"heading.default\">\n\t\t\t\t<div class=\"elementor-widget-container\">\n\t\t\t\t\t<h1 class=\"elementor-heading-title elementor-size-default\">Erholen fernab<\/h1>\t\t\t\t<\/div>\n\t\t\t\t<\/div>\n\t\t\t\t<div class=\"elementor-element elementor-element-dba9d38 elementor-widget elementor-widget-heading\" data-id=\"dba9d38\" data-element_type=\"widget\" data-e-type=\"widget\" data-widget_type=\"heading.default\">\n\t\t\t\t<div class=\"elementor-widget-container\">\n\t\t\t\t\t<span class=\"elementor-heading-title elementor-size-default\">Entspannung im Gersfelder Hof<\/span>\t\t\t\t<\/div>\n\t\t\t\t<\/div>\n\t\t\t\t<div class=\"elementor-element elementor-element-cbeb069 elementor-widget elementor-widget-image\" data-id=\"cbeb069\" data-element_type=\"widget\" data-e-type=\"widget\" data-widget_type=\"image.default\">\n\t\t\t\t<div class=\"elementor-widget-container\">\n\t\t\t\t\t\t\t\t\t\t\t\t\t\t\t<img loading=\"lazy\" decoding=\"async\" width=\"1024\" height=\"683\" src=\"https:\/\/www.gersfelder-hof.de\/wp-content\/uploads\/2022\/02\/gersfelder-hof-wellness-04-1024x683.jpg\" class=\"attachment-large size-large wp-image-1769\" alt=\"\" srcset=\"https:\/\/www.gersfelder-hof.de\/wp-content\/uploads\/2022\/02\/gersfelder-hof-wellness-04-1024x683.jpg 1024w, https:\/\/www.gersfelder-hof.de\/wp-content\/uploads\/2022\/02\/gersfelder-hof-wellness-04-300x200.jpg 300w, https:\/\/www.gersfelder-hof.de\/wp-content\/uploads\/2022\/02\/gersfelder-hof-wellness-04-768x512.jpg 768w, https:\/\/www.gersfelder-hof.de\/wp-content\/uploads\/2022\/02\/gersfelder-hof-wellness-04-1536x1024.jpg 1536w, https:\/\/www.gersfelder-hof.de\/wp-content\/uploads\/2022\/02\/gersfelder-hof-wellness-04.jpg 1800w\" sizes=\"(max-width: 1024px) 100vw, 1024px\" \/>\t\t\t\t\t\t\t\t\t\t\t\t\t\t\t<\/div>\n\t\t\t\t<\/div>\n\t\t\t\t\t<\/div>\n\t\t<\/div>\n\t\t\t\t\t<\/div>\n\t\t<\/section>\n\t\t\t\t<\/div>\n\t\t","protected":false},"excerpt":{"rendered":"<p>Massage und Wellness in der Rh\u00f6n DIE PURE Entspannung im Hotel Gersfelder Hof Zur Entspannung nach erlebnisreichen Ausfl\u00fcgen oder einer anstrengenden Tagung l\u00e4dt unser Wellnessbereich mit Panoramasauna, physiotherm Fit- und Gesundheitskabine, Schwimmbad (11&#215;8 Meter), Liegebereich innen und au\u00dfen zum Verweilen ein! Einen Leihbademantel und das Saunatuch halten wir f\u00fcr Sie bereit. Willkommen in Ihrer pers\u00f6nlichen [&hellip;]<\/p>\n","protected":false},"author":1,"featured_media":0,"parent":0,"menu_order":0,"comment_status":"closed","ping_status":"closed","template":"","meta":{"site-sidebar-layout":"no-sidebar","site-content-layout":"page-builder","ast-site-content-layout":"full-width-container","site-content-style":"unboxed","site-sidebar-style":"unboxed","ast-global-header-display":"","ast-banner-title-visibility":"","ast-main-header-display":"","ast-hfb-above-header-display":"","ast-hfb-below-header-display":"","ast-hfb-mobile-header-display":"","site-post-title":"disabled","ast-breadcrumbs-content":"","ast-featured-img":"disabled","footer-sml-layout":"","ast-disable-related-posts":"","theme-transparent-header-meta":"","adv-header-id-meta":"","stick-header-meta":"","header-above-stick-meta":"","header-main-stick-meta":"","header-below-stick-meta":"","astra-migrate-meta-layouts":"default","ast-page-background-enabled":"default","ast-page-background-meta":{"desktop":{"background-color":"var(--ast-global-color-4)","background-image":"","background-repeat":"repeat","background-position":"center center","background-size":"auto","background-attachment":"scroll","background-type":"","background-media":"","overlay-type":"","overlay-color":"","overlay-opacity":"","overlay-gradient":""},"tablet":{"background-color":"","background-image":"","background-repeat":"repeat","background-position":"center center","background-size":"auto","background-attachment":"scroll","background-type":"","background-media":"","overlay-type":"","overlay-color":"","overlay-opacity":"","overlay-gradient":""},"mobile":{"background-color":"","background-image":"","background-repeat":"repeat","background-position":"center center","background-size":"auto","background-attachment":"scroll","background-type":"","background-media":"","overlay-type":"","overlay-color":"","overlay-opacity":"","overlay-gradient":""}},"ast-content-background-meta":{"desktop":{"background-color":"var(--ast-global-color-5)","background-image":"","background-repeat":"repeat","background-position":"center center","background-size":"auto","background-attachment":"scroll","background-type":"","background-media":"","overlay-type":"","overlay-color":"","overlay-opacity":"","overlay-gradient":""},"tablet":{"background-color":"var(--ast-global-color-5)","background-image":"","background-repeat":"repeat","background-position":"center center","background-size":"auto","background-attachment":"scroll","background-type":"","background-media":"","overlay-type":"","overlay-color":"","overlay-opacity":"","overlay-gradient":""},"mobile":{"background-color":"var(--ast-global-color-5)","background-image":"","background-repeat":"repeat","background-position":"center center","background-size":"auto","background-attachment":"scroll","background-type":"","background-media":"","overlay-type":"","overlay-color":"","overlay-opacity":"","overlay-gradient":""}},"footnotes":""},"class_list":["post-2696","page","type-page","status-publish","hentry"],"_links":{"self":[{"href":"https:\/\/www.gersfelder-hof.de\/en\/wp-json\/wp\/v2\/pages\/2696","targetHints":{"allow":["GET"]}}],"collection":[{"href":"https:\/\/www.gersfelder-hof.de\/en\/wp-json\/wp\/v2\/pages"}],"about":[{"href":"https:\/\/www.gersfelder-hof.de\/en\/wp-json\/wp\/v2\/types\/page"}],"author":[{"embeddable":true,"href":"https:\/\/www.gersfelder-hof.de\/en\/wp-json\/wp\/v2\/users\/1"}],"replies":[{"embeddable":true,"href":"https:\/\/www.gersfelder-hof.de\/en\/wp-json\/wp\/v2\/comments?post=2696"}],"version-history":[{"count":37,"href":"https:\/\/www.gersfelder-hof.de\/en\/wp-json\/wp\/v2\/pages\/2696\/revisions"}],"predecessor-version":[{"id":4773,"href":"https:\/\/www.gersfelder-hof.de\/en\/wp-json\/wp\/v2\/pages\/2696\/revisions\/4773"}],"wp:attachment":[{"href":"https:\/\/www.gersfelder-hof.de\/en\/wp-json\/wp\/v2\/media?parent=2696"}],"curies":[{"name":"wp","href":"https:\/\/api.w.org\/{rel}","templated":true}]}}