{"id":2632,"date":"2022-02-17T14:18:13","date_gmt":"2022-02-17T13:18:13","guid":{"rendered":"https:\/\/www.gersfelder-hof.de\/hotel\/"},"modified":"2025-01-30T13:12:51","modified_gmt":"2025-01-30T12:12:51","slug":"hotel","status":"publish","type":"page","link":"https:\/\/www.gersfelder-hof.de\/en\/hotel\/","title":{"rendered":"Hotel"},"content":{"rendered":"\t\t<div data-elementor-type=\"wp-page\" data-elementor-id=\"2632\" class=\"elementor elementor-2632 elementor-565\" data-elementor-post-type=\"page\">\n\t\t\t\t\t\t<section class=\"elementor-section elementor-top-section elementor-element elementor-element-fc02ea4 elementor-section-full_width elementor-section-height-full elementor-section-height-default elementor-section-items-middle\" data-id=\"fc02ea4\" data-element_type=\"section\" data-e-type=\"section\" data-settings=\"{&quot;background_background&quot;:&quot;classic&quot;}\">\n\t\t\t\t\t\t\t<div class=\"elementor-background-overlay\"><\/div>\n\t\t\t\t\t\t\t<div class=\"elementor-container elementor-column-gap-default\">\n\t\t\t\t\t<div class=\"elementor-column elementor-col-100 elementor-top-column elementor-element elementor-element-9ca3200\" data-id=\"9ca3200\" data-element_type=\"column\" data-e-type=\"column\">\n\t\t\t<div class=\"elementor-widget-wrap\">\n\t\t\t\t\t\t\t<\/div>\n\t\t<\/div>\n\t\t\t\t\t<\/div>\n\t\t<\/section>\n\t\t\t\t<section class=\"elementor-section elementor-top-section elementor-element elementor-element-4c8ed9e elementor-section-boxed elementor-section-height-default elementor-section-height-default\" data-id=\"4c8ed9e\" data-element_type=\"section\" data-e-type=\"section\" id=\"wir\">\n\t\t\t\t\t\t<div class=\"elementor-container elementor-column-gap-default\">\n\t\t\t\t\t<div class=\"elementor-column elementor-col-100 elementor-top-column elementor-element elementor-element-6dacaa3\" data-id=\"6dacaa3\" data-element_type=\"column\" data-e-type=\"column\">\n\t\t\t<div class=\"elementor-widget-wrap elementor-element-populated\">\n\t\t\t\t\t\t<div class=\"elementor-element elementor-element-6105cb1 elementor-widget elementor-widget-heading\" data-id=\"6105cb1\" data-element_type=\"widget\" data-e-type=\"widget\" data-widget_type=\"heading.default\">\n\t\t\t\t<div class=\"elementor-widget-container\">\n\t\t\t\t\t<h1 class=\"elementor-heading-title elementor-size-default\">Der Gersfelder Hof<\/h1>\t\t\t\t<\/div>\n\t\t\t\t<\/div>\n\t\t\t\t<div class=\"elementor-element elementor-element-030e8d6 elementor-widget elementor-widget-heading\" data-id=\"030e8d6\" data-element_type=\"widget\" data-e-type=\"widget\" data-widget_type=\"heading.default\">\n\t\t\t\t<div class=\"elementor-widget-container\">\n\t\t\t\t\t<span class=\"elementor-heading-title elementor-size-default\">Hotel mit Geschichte<\/span>\t\t\t\t<\/div>\n\t\t\t\t<\/div>\n\t\t\t\t\t<\/div>\n\t\t<\/div>\n\t\t\t\t\t<\/div>\n\t\t<\/section>\n\t\t\t\t<section class=\"elementor-section elementor-top-section elementor-element elementor-element-0895fbb elementor-section-boxed elementor-section-height-default elementor-section-height-default\" data-id=\"0895fbb\" data-element_type=\"section\" data-e-type=\"section\">\n\t\t\t\t\t\t<div class=\"elementor-container elementor-column-gap-default\">\n\t\t\t\t\t<div class=\"elementor-column elementor-col-50 elementor-top-column elementor-element elementor-element-ae65283\" data-id=\"ae65283\" data-element_type=\"column\" data-e-type=\"column\">\n\t\t\t<div class=\"elementor-widget-wrap elementor-element-populated\">\n\t\t\t\t\t\t<div class=\"elementor-element elementor-element-7743586 elementor-widget elementor-widget-text-editor\" data-id=\"7743586\" data-element_type=\"widget\" data-e-type=\"widget\" data-widget_type=\"text-editor.default\">\n\t\t\t\t<div class=\"elementor-widget-container\">\n\t\t\t\t\t\t\t\t\t<p>Unser familiengef\u00fchrtes Hotel \u201eGersfelder Hof\u201c besteht seit \u00fcber 50 Jahren und bietet Hotelzimmer, Restaurant, Appartements, Suiten, Schwimmbad, Panorama-Sauna, Wellnessanwendungen und Tagungsr\u00e4ume. Umgeben von gr\u00fcnen Wiesen und W\u00e4ldern genie\u00dfen Sie eine inspirierende Umgebung.<\/p><p>Im Restaurant WEBER&#8217;S werden regionale Fleisch- und Fischspezialit\u00e4ten sowie frisches Gem\u00fcse raffiniert zubereitet. WEBER&#8217;S bietet den perfekten Rahmen f\u00fcr Familienfeiern, Hochzeiten, Events, Jubil\u00e4en und Firmenveranstaltungen.<\/p><p>Lassen Sie den Tag an unserer Hotelbar bei einem Cocktail, Bier oder Wein ausklingen. Kulinarische Events finden das ganze Jahr \u00fcber statt.<\/p><p>Auf Ihren Besuch freuen sich Ihre Gastgeber,<\/p><p>Familie Weber und Team.<\/p>\t\t\t\t\t\t\t\t<\/div>\n\t\t\t\t<\/div>\n\t\t\t\t\t<\/div>\n\t\t<\/div>\n\t\t\t\t<div class=\"elementor-column elementor-col-50 elementor-top-column elementor-element elementor-element-fccfa06\" data-id=\"fccfa06\" data-element_type=\"column\" data-e-type=\"column\">\n\t\t\t<div class=\"elementor-widget-wrap elementor-element-populated\">\n\t\t\t\t\t\t<div class=\"elementor-element elementor-element-10bf836 elementor-widget elementor-widget-image\" data-id=\"10bf836\" data-element_type=\"widget\" data-e-type=\"widget\" data-widget_type=\"image.default\">\n\t\t\t\t<div class=\"elementor-widget-container\">\n\t\t\t\t\t\t\t\t\t\t\t\t\t\t\t<img fetchpriority=\"high\" decoding=\"async\" width=\"1024\" height=\"683\" src=\"https:\/\/www.gersfelder-hof.de\/wp-content\/uploads\/2022\/02\/gersfelder-hof-aussen-07-1024x683.jpg\" class=\"attachment-large size-large wp-image-1795\" alt=\"\" srcset=\"https:\/\/www.gersfelder-hof.de\/wp-content\/uploads\/2022\/02\/gersfelder-hof-aussen-07-1024x683.jpg 1024w, https:\/\/www.gersfelder-hof.de\/wp-content\/uploads\/2022\/02\/gersfelder-hof-aussen-07-300x200.jpg 300w, https:\/\/www.gersfelder-hof.de\/wp-content\/uploads\/2022\/02\/gersfelder-hof-aussen-07-768x512.jpg 768w, https:\/\/www.gersfelder-hof.de\/wp-content\/uploads\/2022\/02\/gersfelder-hof-aussen-07-1536x1025.jpg 1536w, https:\/\/www.gersfelder-hof.de\/wp-content\/uploads\/2022\/02\/gersfelder-hof-aussen-07.jpg 1800w\" sizes=\"(max-width: 1024px) 100vw, 1024px\" \/>\t\t\t\t\t\t\t\t\t\t\t\t\t\t\t<\/div>\n\t\t\t\t<\/div>\n\t\t\t\t<div class=\"elementor-element elementor-element-e9326c2 elementor-widget elementor-widget-image\" data-id=\"e9326c2\" data-element_type=\"widget\" data-e-type=\"widget\" id=\"prospekt\" data-widget_type=\"image.default\">\n\t\t\t\t<div class=\"elementor-widget-container\">\n\t\t\t\t\t\t\t\t\t\t\t\t\t\t\t<img decoding=\"async\" width=\"1024\" height=\"683\" src=\"https:\/\/www.gersfelder-hof.de\/wp-content\/uploads\/2021\/12\/GFH-Zimmer-DZ27-1024x683.jpg\" class=\"attachment-large size-large wp-image-1732\" alt=\"\" srcset=\"https:\/\/www.gersfelder-hof.de\/wp-content\/uploads\/2021\/12\/GFH-Zimmer-DZ27-1024x683.jpg 1024w, https:\/\/www.gersfelder-hof.de\/wp-content\/uploads\/2021\/12\/GFH-Zimmer-DZ27-300x200.jpg 300w, https:\/\/www.gersfelder-hof.de\/wp-content\/uploads\/2021\/12\/GFH-Zimmer-DZ27-768x512.jpg 768w, https:\/\/www.gersfelder-hof.de\/wp-content\/uploads\/2021\/12\/GFH-Zimmer-DZ27-1536x1024.jpg 1536w, https:\/\/www.gersfelder-hof.de\/wp-content\/uploads\/2021\/12\/GFH-Zimmer-DZ27.jpg 1800w\" sizes=\"(max-width: 1024px) 100vw, 1024px\" \/>\t\t\t\t\t\t\t\t\t\t\t\t\t\t\t<\/div>\n\t\t\t\t<\/div>\n\t\t\t\t\t<\/div>\n\t\t<\/div>\n\t\t\t\t\t<\/div>\n\t\t<\/section>\n\t\t\t\t<section class=\"elementor-section elementor-top-section elementor-element elementor-element-a3d8474 elementor-section-boxed elementor-section-height-default elementor-section-height-default\" data-id=\"a3d8474\" data-element_type=\"section\" data-e-type=\"section\">\n\t\t\t\t\t\t<div class=\"elementor-container elementor-column-gap-default\">\n\t\t\t\t\t<div class=\"elementor-column elementor-col-100 elementor-top-column elementor-element elementor-element-c863d83\" data-id=\"c863d83\" data-element_type=\"column\" data-e-type=\"column\">\n\t\t\t<div class=\"elementor-widget-wrap elementor-element-populated\">\n\t\t\t\t\t\t<div class=\"elementor-element elementor-element-4cd0c17 elementor-widget elementor-widget-menu-anchor\" data-id=\"4cd0c17\" data-element_type=\"widget\" data-e-type=\"widget\" data-widget_type=\"menu-anchor.default\">\n\t\t\t\t<div class=\"elementor-widget-container\">\n\t\t\t\t\t\t\t<div class=\"elementor-menu-anchor\" id=\"anlage\"><\/div>\n\t\t\t\t\t\t<\/div>\n\t\t\t\t<\/div>\n\t\t\t\t<div class=\"elementor-element elementor-element-664fb49 elementor-cta--skin-classic elementor-animated-content elementor-bg-transform elementor-bg-transform-zoom-in elementor-widget elementor-widget-call-to-action\" data-id=\"664fb49\" data-element_type=\"widget\" data-e-type=\"widget\" data-widget_type=\"call-to-action.default\">\n\t\t\t\t<div class=\"elementor-widget-container\">\n\t\t\t\t\t\t\t<div class=\"elementor-cta\">\n\t\t\t\t\t<div class=\"elementor-cta__bg-wrapper\">\n\t\t\t\t<div class=\"elementor-cta__bg elementor-bg\" style=\"background-image: url(https:\/\/www.gersfelder-hof.de\/wp-content\/uploads\/2021\/12\/GFH-Zimmer-DZ27-1024x683.jpg);\" role=\"img\" aria-label=\"GFH-Zimmer-DZ27\"><\/div>\n\t\t\t\t<div class=\"elementor-cta__bg-overlay\"><\/div>\n\t\t\t<\/div>\n\t\t\t\t\t\t\t<div class=\"elementor-cta__content\">\n\t\t\t\t\n\t\t\t\t\t\t\t\t\t<h2 class=\"elementor-cta__title elementor-cta__content-item elementor-content-item\">\n\t\t\t\t\t\tHotel-Prospekt\t\t\t\t\t<\/h2>\n\t\t\t\t\n\t\t\t\t\t\t\t\t\t<div class=\"elementor-cta__description elementor-cta__content-item elementor-content-item\">\n\t\t\t\t\t\tAlle Informationen zu \u00dcbernachtungen im Gersfelder Hof gibt es in unserem Hotelprospekt zum Download.\t\t\t\t\t<\/div>\n\t\t\t\t\n\t\t\t\t\t\t\t\t\t<div class=\"elementor-cta__button-wrapper elementor-cta__content-item elementor-content-item \">\n\t\t\t\t\t<a class=\"elementor-cta__button elementor-button elementor-size-\" href=\"https:\/\/www.gersfelder-hof.de\/wp-content\/uploads\/2022\/03\/hotelbroschuere-2020.pdf\" target=\"_blank\">\n\t\t\t\t\t\tDownload\t\t\t\t\t<\/a>\n\t\t\t\t\t<\/div>\n\t\t\t\t\t\t\t<\/div>\n\t\t\t\t\t\t\t<div class=\"elementor-ribbon\">\n\t\t\t\t<div class=\"elementor-ribbon-inner\">\n\t\t\t\t\tPDF\t\t\t\t<\/div>\n\t\t\t<\/div>\n\t\t\t\t<\/div>\n\t\t\t\t\t\t<\/div>\n\t\t\t\t<\/div>\n\t\t\t\t\t<\/div>\n\t\t<\/div>\n\t\t\t\t\t<\/div>\n\t\t<\/section>\n\t\t\t\t<section class=\"elementor-section elementor-top-section elementor-element elementor-element-27f3685 elementor-section-boxed elementor-section-height-default elementor-section-height-default\" data-id=\"27f3685\" data-element_type=\"section\" data-e-type=\"section\">\n\t\t\t\t\t\t<div class=\"elementor-container elementor-column-gap-default\">\n\t\t\t\t\t<div class=\"elementor-column elementor-col-100 elementor-top-column elementor-element elementor-element-6c69cd8\" data-id=\"6c69cd8\" data-element_type=\"column\" data-e-type=\"column\">\n\t\t\t<div class=\"elementor-widget-wrap elementor-element-populated\">\n\t\t\t\t\t\t<div class=\"elementor-element elementor-element-ca86770 elementor-widget elementor-widget-heading\" data-id=\"ca86770\" data-element_type=\"widget\" data-e-type=\"widget\" data-widget_type=\"heading.default\">\n\t\t\t\t<div class=\"elementor-widget-container\">\n\t\t\t\t\t<h2 class=\"elementor-heading-title elementor-size-default\">Hotelanlage<\/h2>\t\t\t\t<\/div>\n\t\t\t\t<\/div>\n\t\t\t\t<div class=\"elementor-element elementor-element-4037198 elementor-widget elementor-widget-text-editor\" data-id=\"4037198\" data-element_type=\"widget\" data-e-type=\"widget\" data-widget_type=\"text-editor.default\">\n\t\t\t\t<div class=\"elementor-widget-container\">\n\t\t\t\t\t\t\t\t\t<p>Die gesamte Anlage ist im Laufe der letzten Jahrzehnte stetig gewachsen, um die Anforderungen und W\u00fcnsche unserer G\u00e4ste zufrieden stellen zu k\u00f6nnen. Im Mittelpunkt steht das Hotel-Hauptgeb\u00e4ude mit dem\u00a0Wellnessbereich, finnischer Panorama Sauna und Schwimmbad, das urspr\u00fcnglich als Kurhotel entstanden ist. Erweitert wurde dies um eine neue Empfangshalle mit Wintergarten und\u00a0Restaurant\u00a0mit urig gem\u00fctlicher Stubenwelt, das sich im Sommer zum Biergarten \u00f6ffnet. Auf der gegen\u00fcberliegenden Seite befinden sich das Geb\u00e4ude der Sternkuppe mit unseren\u00a0Appartements\u00a0und Suiten. Diese Anlage hat dorf\u00e4hnlichen Charakter und gruppiert sich um einen gem\u00fctlichen Innenhof.<\/p>\t\t\t\t\t\t\t\t<\/div>\n\t\t\t\t<\/div>\n\t\t\t\t<div class=\"elementor-element elementor-element-878a1ba elementor-widget elementor-widget-image\" data-id=\"878a1ba\" data-element_type=\"widget\" data-e-type=\"widget\" data-widget_type=\"image.default\">\n\t\t\t\t<div class=\"elementor-widget-container\">\n\t\t\t\t\t\t\t\t\t\t\t\t\t\t\t<img decoding=\"async\" width=\"1024\" height=\"683\" src=\"https:\/\/www.gersfelder-hof.de\/wp-content\/uploads\/2022\/02\/gersfelder-hof-aussen-12-1024x683.jpg\" class=\"attachment-large size-large wp-image-1801\" alt=\"\" srcset=\"https:\/\/www.gersfelder-hof.de\/wp-content\/uploads\/2022\/02\/gersfelder-hof-aussen-12-1024x683.jpg 1024w, https:\/\/www.gersfelder-hof.de\/wp-content\/uploads\/2022\/02\/gersfelder-hof-aussen-12-300x200.jpg 300w, https:\/\/www.gersfelder-hof.de\/wp-content\/uploads\/2022\/02\/gersfelder-hof-aussen-12-768x512.jpg 768w, https:\/\/www.gersfelder-hof.de\/wp-content\/uploads\/2022\/02\/gersfelder-hof-aussen-12-1536x1024.jpg 1536w, https:\/\/www.gersfelder-hof.de\/wp-content\/uploads\/2022\/02\/gersfelder-hof-aussen-12.jpg 1800w\" sizes=\"(max-width: 1024px) 100vw, 1024px\" \/>\t\t\t\t\t\t\t\t\t\t\t\t\t\t\t<\/div>\n\t\t\t\t<\/div>\n\t\t\t\t<div class=\"elementor-element elementor-element-10a023a elementor-widget elementor-widget-menu-anchor\" data-id=\"10a023a\" data-element_type=\"widget\" data-e-type=\"widget\" data-widget_type=\"menu-anchor.default\">\n\t\t\t\t<div class=\"elementor-widget-container\">\n\t\t\t\t\t\t\t<div class=\"elementor-menu-anchor\" id=\"geschichte\"><\/div>\n\t\t\t\t\t\t<\/div>\n\t\t\t\t<\/div>\n\t\t\t\t\t<\/div>\n\t\t<\/div>\n\t\t\t\t\t<\/div>\n\t\t<\/section>\n\t\t\t\t<section class=\"elementor-section elementor-top-section elementor-element elementor-element-5d01165 elementor-section-content-top elementor-section-boxed elementor-section-height-default elementor-section-height-default\" data-id=\"5d01165\" data-element_type=\"section\" data-e-type=\"section\" data-settings=\"{&quot;background_background&quot;:&quot;classic&quot;}\">\n\t\t\t\t\t\t<div class=\"elementor-container elementor-column-gap-default\">\n\t\t\t\t\t<div class=\"elementor-column elementor-col-100 elementor-top-column elementor-element elementor-element-ffcb57e\" data-id=\"ffcb57e\" data-element_type=\"column\" data-e-type=\"column\">\n\t\t\t<div class=\"elementor-widget-wrap elementor-element-populated\">\n\t\t\t\t\t\t<div class=\"elementor-element elementor-element-802a50a elementor-widget elementor-widget-heading\" data-id=\"802a50a\" data-element_type=\"widget\" data-e-type=\"widget\" data-widget_type=\"heading.default\">\n\t\t\t\t<div class=\"elementor-widget-container\">\n\t\t\t\t\t<h1 class=\"elementor-heading-title elementor-size-default\">Unser Rundum-Service<\/h1>\t\t\t\t<\/div>\n\t\t\t\t<\/div>\n\t\t\t\t<div class=\"elementor-element elementor-element-c77f682 elementor-widget elementor-widget-heading\" data-id=\"c77f682\" data-element_type=\"widget\" data-e-type=\"widget\" data-widget_type=\"heading.default\">\n\t\t\t\t<div class=\"elementor-widget-container\">\n\t\t\t\t\t<span class=\"elementor-heading-title elementor-size-default\">F\u00fcr Familien, Abenteurer und gesch\u00e4ftsreise<\/span>\t\t\t\t<\/div>\n\t\t\t\t<\/div>\n\t\t\t\t<section class=\"elementor-section elementor-inner-section elementor-element elementor-element-792e3ad elementor-section-boxed elementor-section-height-default elementor-section-height-default\" data-id=\"792e3ad\" data-element_type=\"section\" data-e-type=\"section\">\n\t\t\t\t\t\t<div class=\"elementor-container elementor-column-gap-default\">\n\t\t\t\t\t<div class=\"elementor-column elementor-col-50 elementor-inner-column elementor-element elementor-element-8705c12\" data-id=\"8705c12\" data-element_type=\"column\" data-e-type=\"column\" id=\"geschichte\">\n\t\t\t<div class=\"elementor-widget-wrap elementor-element-populated\">\n\t\t\t\t\t\t<div class=\"elementor-element elementor-element-2e23b9f elementor-widget elementor-widget-text-editor\" data-id=\"2e23b9f\" data-element_type=\"widget\" data-e-type=\"widget\" data-widget_type=\"text-editor.default\">\n\t\t\t\t<div class=\"elementor-widget-container\">\n\t\t\t\t\t\t\t\t\t<p>In all den Jahren hat sich viel ver\u00e4ndert, doch eines ist immer gleich geblieben: Das Wohlbefinden unserer G\u00e4ste liegt uns stets besonders am Herzen. Qualit\u00e4t und ein umfangreiches Hotelangebot kann es nur dann geben, wenn wir uns immer wieder neuen Herausforderungen stellen.<\/p><p>Wir freuen uns auf Ihren Besuch bei uns in Gersfeld in der Rh\u00f6n! Gerne schicken wir Ihnen Ihr individuelles Angebot, beantworten Ihre Fragen und k\u00fcmmern uns um alles Weitere.<\/p>\t\t\t\t\t\t\t\t<\/div>\n\t\t\t\t<\/div>\n\t\t\t\t\t<\/div>\n\t\t<\/div>\n\t\t\t\t<div class=\"elementor-column elementor-col-50 elementor-inner-column elementor-element elementor-element-79e3c03\" data-id=\"79e3c03\" data-element_type=\"column\" data-e-type=\"column\">\n\t\t\t<div class=\"elementor-widget-wrap elementor-element-populated\">\n\t\t\t\t\t\t<div class=\"elementor-element elementor-element-2c8c897 elementor-widget elementor-widget-image\" data-id=\"2c8c897\" data-element_type=\"widget\" data-e-type=\"widget\" data-widget_type=\"image.default\">\n\t\t\t\t<div class=\"elementor-widget-container\">\n\t\t\t\t\t\t\t\t\t\t\t\t\t\t\t<img loading=\"lazy\" decoding=\"async\" width=\"1024\" height=\"683\" src=\"https:\/\/www.gersfelder-hof.de\/wp-content\/uploads\/2022\/02\/gfh-details14-1024x683.jpg\" class=\"attachment-large size-large wp-image-1771\" alt=\"\" srcset=\"https:\/\/www.gersfelder-hof.de\/wp-content\/uploads\/2022\/02\/gfh-details14-1024x683.jpg 1024w, https:\/\/www.gersfelder-hof.de\/wp-content\/uploads\/2022\/02\/gfh-details14-300x200.jpg 300w, https:\/\/www.gersfelder-hof.de\/wp-content\/uploads\/2022\/02\/gfh-details14-768x512.jpg 768w, https:\/\/www.gersfelder-hof.de\/wp-content\/uploads\/2022\/02\/gfh-details14-1536x1025.jpg 1536w, https:\/\/www.gersfelder-hof.de\/wp-content\/uploads\/2022\/02\/gfh-details14.jpg 2048w\" sizes=\"(max-width: 1024px) 100vw, 1024px\" \/>\t\t\t\t\t\t\t\t\t\t\t\t\t\t\t<\/div>\n\t\t\t\t<\/div>\n\t\t\t\t\t<\/div>\n\t\t<\/div>\n\t\t\t\t\t<\/div>\n\t\t<\/section>\n\t\t\t\t\t<\/div>\n\t\t<\/div>\n\t\t\t\t\t<\/div>\n\t\t<\/section>\n\t\t\t\t<section class=\"elementor-section elementor-top-section elementor-element elementor-element-188c980 elementor-section-height-min-height elementor-section-items-top elementor-section-boxed elementor-section-height-default\" data-id=\"188c980\" data-element_type=\"section\" data-e-type=\"section\" data-settings=\"{&quot;background_background&quot;:&quot;gradient&quot;}\">\n\t\t\t\t\t\t\t<div class=\"elementor-background-overlay\"><\/div>\n\t\t\t\t\t\t\t<div class=\"elementor-container elementor-column-gap-default\">\n\t\t\t\t\t<div class=\"elementor-column elementor-col-100 elementor-top-column elementor-element elementor-element-0da4625\" data-id=\"0da4625\" data-element_type=\"column\" data-e-type=\"column\">\n\t\t\t<div class=\"elementor-widget-wrap elementor-element-populated\">\n\t\t\t\t\t\t<div class=\"elementor-element elementor-element-e03dcbe elementor-widget elementor-widget-heading\" data-id=\"e03dcbe\" data-element_type=\"widget\" data-e-type=\"widget\" data-widget_type=\"heading.default\">\n\t\t\t\t<div class=\"elementor-widget-container\">\n\t\t\t\t\t<h1 class=\"elementor-heading-title elementor-size-default\">Angebote &amp; Arragements<\/h1>\t\t\t\t<\/div>\n\t\t\t\t<\/div>\n\t\t\t\t<div class=\"elementor-element elementor-element-248f999 elementor-widget elementor-widget-heading\" data-id=\"248f999\" data-element_type=\"widget\" data-e-type=\"widget\" data-widget_type=\"heading.default\">\n\t\t\t\t<div class=\"elementor-widget-container\">\n\t\t\t\t\t<span class=\"elementor-heading-title elementor-size-default\">Mitten in der Rh\u00f6n<\/span>\t\t\t\t<\/div>\n\t\t\t\t<\/div>\n\t\t\t\t\t<\/div>\n\t\t<\/div>\n\t\t\t\t\t<\/div>\n\t\t<\/section>\n\t\t\t\t<section class=\"elementor-section elementor-top-section elementor-element elementor-element-230b52f elementor-section-full_width elementor-section-height-full elementor-section-items-bottom elementor-section-height-default\" data-id=\"230b52f\" data-element_type=\"section\" data-e-type=\"section\" data-settings=\"{&quot;background_background&quot;:&quot;classic&quot;}\">\n\t\t\t\t\t\t\t<div class=\"elementor-background-overlay\"><\/div>\n\t\t\t\t\t\t\t<div class=\"elementor-container elementor-column-gap-default\">\n\t\t\t\t\t<div class=\"elementor-column elementor-col-100 elementor-top-column elementor-element elementor-element-e19ac64\" data-id=\"e19ac64\" data-element_type=\"column\" data-e-type=\"column\">\n\t\t\t<div class=\"elementor-widget-wrap elementor-element-populated\">\n\t\t\t\t\t\t<div class=\"elementor-element elementor-element-c77d2cb elementor-widget elementor-widget-heading\" data-id=\"c77d2cb\" data-element_type=\"widget\" data-e-type=\"widget\" data-widget_type=\"heading.default\">\n\t\t\t\t<div class=\"elementor-widget-container\">\n\t\t\t\t\t<h1 class=\"elementor-heading-title elementor-size-default\">Ihre Stadtflucht in die Natur<\/h1>\t\t\t\t<\/div>\n\t\t\t\t<\/div>\n\t\t\t\t<div class=\"elementor-element elementor-element-d25b085 elementor-widget elementor-widget-heading\" data-id=\"d25b085\" data-element_type=\"widget\" data-e-type=\"widget\" data-widget_type=\"heading.default\">\n\t\t\t\t<div class=\"elementor-widget-container\">\n\t\t\t\t\t<span class=\"elementor-heading-title elementor-size-default\">Hotel Gersfelder Hof \u2013 mitten in Deutschland \u2013 mitten in der Natur der Rh\u00f6n<\/span>\t\t\t\t<\/div>\n\t\t\t\t<\/div>\n\t\t\t\t\t<\/div>\n\t\t<\/div>\n\t\t\t\t\t<\/div>\n\t\t<\/section>\n\t\t\t\t<\/div>\n\t\t","protected":false},"excerpt":{"rendered":"<p>Der Gersfelder Hof Hotel mit Geschichte Unser familiengef\u00fchrtes Hotel \u201eGersfelder Hof\u201c besteht seit \u00fcber 50 Jahren und bietet Hotelzimmer, Restaurant, Appartements, Suiten, Schwimmbad, Panorama-Sauna, Wellnessanwendungen und Tagungsr\u00e4ume. Umgeben von gr\u00fcnen Wiesen und W\u00e4ldern genie\u00dfen Sie eine inspirierende Umgebung. Im Restaurant WEBER&#8217;S werden regionale Fleisch- und Fischspezialit\u00e4ten sowie frisches Gem\u00fcse raffiniert zubereitet. WEBER&#8217;S bietet den perfekten [&hellip;]<\/p>\n","protected":false},"author":1,"featured_media":0,"parent":0,"menu_order":0,"comment_status":"closed","ping_status":"closed","template":"","meta":{"site-sidebar-layout":"no-sidebar","site-content-layout":"page-builder","ast-site-content-layout":"default","site-content-style":"default","site-sidebar-style":"default","ast-global-header-display":"","ast-banner-title-visibility":"","ast-main-header-display":"","ast-hfb-above-header-display":"","ast-hfb-below-header-display":"","ast-hfb-mobile-header-display":"","site-post-title":"disabled","ast-breadcrumbs-content":"","ast-featured-img":"disabled","footer-sml-layout":"","ast-disable-related-posts":"","theme-transparent-header-meta":"","adv-header-id-meta":"","stick-header-meta":"","header-above-stick-meta":"","header-main-stick-meta":"","header-below-stick-meta":"","astra-migrate-meta-layouts":"default","ast-page-background-enabled":"default","ast-page-background-meta":{"desktop":{"background-color":"var(--ast-global-color-4)","background-image":"","background-repeat":"repeat","background-position":"center center","background-size":"auto","background-attachment":"scroll","background-type":"","background-media":"","overlay-type":"","overlay-color":"","overlay-opacity":"","overlay-gradient":""},"tablet":{"background-color":"","background-image":"","background-repeat":"repeat","background-position":"center center","background-size":"auto","background-attachment":"scroll","background-type":"","background-media":"","overlay-type":"","overlay-color":"","overlay-opacity":"","overlay-gradient":""},"mobile":{"background-color":"","background-image":"","background-repeat":"repeat","background-position":"center center","background-size":"auto","background-attachment":"scroll","background-type":"","background-media":"","overlay-type":"","overlay-color":"","overlay-opacity":"","overlay-gradient":""}},"ast-content-background-meta":{"desktop":{"background-color":"var(--ast-global-color-5)","background-image":"","background-repeat":"repeat","background-position":"center center","background-size":"auto","background-attachment":"scroll","background-type":"","background-media":"","overlay-type":"","overlay-color":"","overlay-opacity":"","overlay-gradient":""},"tablet":{"background-color":"var(--ast-global-color-5)","background-image":"","background-repeat":"repeat","background-position":"center center","background-size":"auto","background-attachment":"scroll","background-type":"","background-media":"","overlay-type":"","overlay-color":"","overlay-opacity":"","overlay-gradient":""},"mobile":{"background-color":"var(--ast-global-color-5)","background-image":"","background-repeat":"repeat","background-position":"center center","background-size":"auto","background-attachment":"scroll","background-type":"","background-media":"","overlay-type":"","overlay-color":"","overlay-opacity":"","overlay-gradient":""}},"footnotes":""},"class_list":["post-2632","page","type-page","status-publish","hentry"],"_links":{"self":[{"href":"https:\/\/www.gersfelder-hof.de\/en\/wp-json\/wp\/v2\/pages\/2632","targetHints":{"allow":["GET"]}}],"collection":[{"href":"https:\/\/www.gersfelder-hof.de\/en\/wp-json\/wp\/v2\/pages"}],"about":[{"href":"https:\/\/www.gersfelder-hof.de\/en\/wp-json\/wp\/v2\/types\/page"}],"author":[{"embeddable":true,"href":"https:\/\/www.gersfelder-hof.de\/en\/wp-json\/wp\/v2\/users\/1"}],"replies":[{"embeddable":true,"href":"https:\/\/www.gersfelder-hof.de\/en\/wp-json\/wp\/v2\/comments?post=2632"}],"version-history":[{"count":5,"href":"https:\/\/www.gersfelder-hof.de\/en\/wp-json\/wp\/v2\/pages\/2632\/revisions"}],"predecessor-version":[{"id":4057,"href":"https:\/\/www.gersfelder-hof.de\/en\/wp-json\/wp\/v2\/pages\/2632\/revisions\/4057"}],"wp:attachment":[{"href":"https:\/\/www.gersfelder-hof.de\/en\/wp-json\/wp\/v2\/media?parent=2632"}],"curies":[{"name":"wp","href":"https:\/\/api.w.org\/{rel}","templated":true}]}}